{"id":18166,"date":"2024-09-24T11:27:03","date_gmt":"2024-09-24T10:27:03","guid":{"rendered":"https:\/\/www.hosch-international.com\/wp\/?page_id=18166"},"modified":"2025-01-31T12:50:20","modified_gmt":"2025-01-31T11:50:20","slug":"unsere-werte","status":"publish","type":"page","link":"https:\/\/www.hosch-international.com\/wp\/unsere-werte","title":{"rendered":"Unsere Werte"},"content":{"rendered":"<p>[et_pb_section fb_built=&#8221;1&#8243; _builder_version=&#8221;4.27.4&#8243; _module_preset=&#8221;default&#8221; background_enable_image=&#8221;off&#8221; min_height=&#8221;400px&#8221; global_colors_info=&#8221;{}&#8221;][et_pb_row _builder_version=&#8221;4.27.4&#8243; _module_preset=&#8221;default&#8221; global_colors_info=&#8221;{}&#8221;][et_pb_column type=&#8221;4_4&#8243; _builder_version=&#8221;4.27.4&#8243; _module_preset=&#8221;default&#8221; global_colors_info=&#8221;{}&#8221;][et_pb_image src=&#8221;https:\/\/www.hosch-international.com\/wp\/wp-content\/uploads\/2024\/11\/Frech_Frieling_Heidhues_quer-3.jpg&#8221; _builder_version=&#8221;4.27.4&#8243; _module_preset=&#8221;default&#8221; hover_enabled=&#8221;0&#8243; global_colors_info=&#8221;{}&#8221; sticky_enabled=&#8221;0&#8243;][\/et_pb_image][\/et_pb_column][\/et_pb_row][\/et_pb_section][et_pb_section fb_built=&#8221;1&#8243; _builder_version=&#8221;4.18.0&#8243; _module_preset=&#8221;default&#8221; global_colors_info=&#8221;{}&#8221;][et_pb_row _builder_version=&#8221;4.18.0&#8243; _module_preset=&#8221;default&#8221; global_colors_info=&#8221;{}&#8221;][et_pb_column type=&#8221;4_4&#8243; _builder_version=&#8221;4.18.0&#8243; _module_preset=&#8221;default&#8221; global_colors_info=&#8221;{}&#8221;][et_pb_text _builder_version=&#8221;4.27.0&#8243; _module_preset=&#8221;default&#8221; global_colors_info=&#8221;{}&#8221;]<\/p>\n<h3 style=\"text-align: center;\">Unsere Werte<\/h3>\n<p>[\/et_pb_text][\/et_pb_column][\/et_pb_row][et_pb_row _builder_version=&#8221;4.27.0&#8243; _module_preset=&#8221;default&#8221; global_colors_info=&#8221;{}&#8221;][et_pb_column type=&#8221;4_4&#8243; _builder_version=&#8221;4.27.0&#8243; _module_preset=&#8221;default&#8221; global_colors_info=&#8221;{}&#8221;][et_pb_text _builder_version=&#8221;4.27.0&#8243; _module_preset=&#8221;default&#8221; global_colors_info=&#8221;{}&#8221;]<\/p>\n<p>Hans-Otto Schwarze, mein Vater, war ein au\u00dfergew\u00f6hnlicher Gr\u00fcnder-Unternehmer. Voller Wagemut, mit Ideenreichtum und Wirklichkeitssinn, Produktgef\u00fchrt, extrem belastbar und ausdauernd hat er ein weltumspannendes Unternehmen geschaffen.<\/p>\n<p>Dies konnte nur gelingen mit einer gro\u00dfartigen Mannschaft von gestandenen Frauen und M\u00e4nnern, die ihm im Herzen des Ruhrgebietes und an unseren internationalen Standorten zur Seite standen. Zusammen mit ihrer Kreativit\u00e4t, ihrem Tatendurst und ihrer Loyalit\u00e4t wurde so etwas Einzigartiges geschaffen.<\/p>\n<p>Als Familienunternehmen in der zweiten Generation wollen wir aufbauend auf diesem gro\u00dfartigen Erbe behutsam und einf\u00fchlsam Neues gestalten.<\/p>\n<p>Die HOSCH Vision wird dabei unser Leitbild sein, unsere neue Verfassung und unsere k\u00fcnftige Herausforderung. Auf dem Weg zu neuen strategischen M\u00f6glichkeiten wird sie uns Sicherheit und Orientierung geben. Sie zeigt uns die Verbindung von gro\u00dfartiger Tradition und chancenreicher Innovation.<\/p>\n<p>[\/et_pb_text][\/et_pb_column][\/et_pb_row][et_pb_row _builder_version=&#8221;4.27.0&#8243; _module_preset=&#8221;default&#8221; global_colors_info=&#8221;{}&#8221;][et_pb_column type=&#8221;4_4&#8243; _builder_version=&#8221;4.27.0&#8243; _module_preset=&#8221;default&#8221; global_colors_info=&#8221;{}&#8221;][et_pb_image src=&#8221;https:\/\/www.hosch-international.com\/wp\/wp-content\/uploads\/2024\/11\/Frech_Cornelia_quer-1.jpg&#8221; _builder_version=&#8221;4.27.4&#8243; _module_preset=&#8221;default&#8221; hover_enabled=&#8221;0&#8243; global_colors_info=&#8221;{}&#8221; sticky_enabled=&#8221;0&#8243;][\/et_pb_image][\/et_pb_column][\/et_pb_row][et_pb_row column_structure=&#8221;1_5,1_5,1_5,1_5,1_5&#8243; _builder_version=&#8221;4.27.0&#8243; _module_preset=&#8221;default&#8221; global_colors_info=&#8221;{}&#8221;][et_pb_column type=&#8221;1_5&#8243; _builder_version=&#8221;4.27.0&#8243; _module_preset=&#8221;default&#8221; global_colors_info=&#8221;{}&#8221;][dsm_perspective_image src=&#8221;https:\/\/www.hosch-international.com\/wp\/wp-content\/uploads\/2024\/09\/HOSCH-vision-lowres-ot_Seite_01.png&#8221; show_in_lightbox=&#8221;on&#8221; show_lightbox_other_img=&#8221;on&#8221; show_lightbox_other_img_src=&#8221;https:\/\/www.hosch-international.com\/wp\/wp-content\/uploads\/2024\/11\/HOSCHBIG_Seite_01.png&#8221; _builder_version=&#8221;4.27.4&#8243; _module_preset=&#8221;default&#8221; hover_enabled=&#8221;0&#8243; global_colors_info=&#8221;{}&#8221; sticky_enabled=&#8221;0&#8243;][\/dsm_perspective_image][\/et_pb_column][et_pb_column type=&#8221;1_5&#8243; _builder_version=&#8221;4.27.0&#8243; _module_preset=&#8221;default&#8221; global_colors_info=&#8221;{}&#8221;][dsm_perspective_image src=&#8221;https:\/\/www.hosch-international.com\/wp\/wp-content\/uploads\/2024\/09\/HOSCH-vision-lowres-ot_Seite_02.png&#8221; show_in_lightbox=&#8221;on&#8221; show_lightbox_other_img=&#8221;on&#8221; show_lightbox_other_img_src=&#8221;https:\/\/www.hosch-international.com\/wp\/wp-content\/uploads\/Werte\/Kundenvertrauen.png&#8221; _builder_version=&#8221;4.27.4&#8243; _module_preset=&#8221;default&#8221; hover_enabled=&#8221;0&#8243; global_colors_info=&#8221;{}&#8221; sticky_enabled=&#8221;0&#8243;][\/dsm_perspective_image][\/et_pb_column][et_pb_column type=&#8221;1_5&#8243; _builder_version=&#8221;4.27.0&#8243; _module_preset=&#8221;default&#8221; global_colors_info=&#8221;{}&#8221;][dsm_perspective_image src=&#8221;https:\/\/www.hosch-international.com\/wp\/wp-content\/uploads\/2024\/09\/HOSCH-vision-lowres-ot_Seite_03.png&#8221; show_in_lightbox=&#8221;on&#8221; show_lightbox_other_img=&#8221;on&#8221; show_lightbox_other_img_src=&#8221;https:\/\/www.hosch-international.com\/wp\/wp-content\/uploads\/Werte\/Verantwortung.png&#8221; _builder_version=&#8221;4.27.4&#8243; _module_preset=&#8221;default&#8221; hover_enabled=&#8221;0&#8243; global_colors_info=&#8221;{}&#8221; sticky_enabled=&#8221;0&#8243;][\/dsm_perspective_image][\/et_pb_column][et_pb_column type=&#8221;1_5&#8243; _builder_version=&#8221;4.27.0&#8243; _module_preset=&#8221;default&#8221; global_colors_info=&#8221;{}&#8221;][dsm_perspective_image src=&#8221;https:\/\/www.hosch-international.com\/wp\/wp-content\/uploads\/2024\/09\/HOSCH-vision-lowres-ot_Seite_04.png&#8221; show_in_lightbox=&#8221;on&#8221; show_lightbox_other_img=&#8221;on&#8221; show_lightbox_other_img_src=&#8221;https:\/\/www.hosch-international.com\/wp\/wp-content\/uploads\/Werte\/UnsereMitarbeiter.png&#8221; _builder_version=&#8221;4.27.4&#8243; _module_preset=&#8221;default&#8221; hover_enabled=&#8221;0&#8243; global_colors_info=&#8221;{}&#8221; sticky_enabled=&#8221;0&#8243;][\/dsm_perspective_image][\/et_pb_column][et_pb_column type=&#8221;1_5&#8243; _builder_version=&#8221;4.27.0&#8243; _module_preset=&#8221;default&#8221; global_colors_info=&#8221;{}&#8221;][dsm_perspective_image src=&#8221;https:\/\/www.hosch-international.com\/wp\/wp-content\/uploads\/2024\/09\/HOSCH-vision-lowres-ot_Seite_05.png&#8221; show_in_lightbox=&#8221;on&#8221; show_lightbox_other_img=&#8221;on&#8221; show_lightbox_other_img_src=&#8221;https:\/\/www.hosch-international.com\/wp\/wp-content\/uploads\/Werte\/UnsereFuehrungskraefte.png&#8221; _builder_version=&#8221;4.27.4&#8243; _module_preset=&#8221;default&#8221; hover_enabled=&#8221;0&#8243; global_colors_info=&#8221;{}&#8221; sticky_enabled=&#8221;0&#8243;][\/dsm_perspective_image][\/et_pb_column][\/et_pb_row][et_pb_row _builder_version=&#8221;4.27.0&#8243; _module_preset=&#8221;default&#8221; global_colors_info=&#8221;{}&#8221;][et_pb_column type=&#8221;4_4&#8243; _builder_version=&#8221;4.27.0&#8243; _module_preset=&#8221;default&#8221; global_colors_info=&#8221;{}&#8221;][\/et_pb_column][\/et_pb_row][et_pb_row column_structure=&#8221;1_5,1_5,1_5,1_5,1_5&#8243; _builder_version=&#8221;4.27.0&#8243; _module_preset=&#8221;default&#8221; global_colors_info=&#8221;{}&#8221;][et_pb_column type=&#8221;1_5&#8243; _builder_version=&#8221;4.27.0&#8243; _module_preset=&#8221;default&#8221; global_colors_info=&#8221;{}&#8221;][dsm_perspective_image src=&#8221;https:\/\/www.hosch-international.com\/wp\/wp-content\/uploads\/2024\/09\/HOSCH-vision-lowres-ot_Seite_06.png&#8221; show_in_lightbox=&#8221;on&#8221; show_lightbox_other_img=&#8221;on&#8221; show_lightbox_other_img_src=&#8221;https:\/\/www.hosch-international.com\/wp\/wp-content\/uploads\/Werte\/EntwickelnInTeams.png&#8221; _builder_version=&#8221;4.27.4&#8243; _module_preset=&#8221;default&#8221; hover_enabled=&#8221;0&#8243; global_colors_info=&#8221;{}&#8221; sticky_enabled=&#8221;0&#8243;][\/dsm_perspective_image][\/et_pb_column][et_pb_column type=&#8221;1_5&#8243; _builder_version=&#8221;4.27.0&#8243; _module_preset=&#8221;default&#8221; global_colors_info=&#8221;{}&#8221;][dsm_perspective_image src=&#8221;https:\/\/www.hosch-international.com\/wp\/wp-content\/uploads\/2024\/09\/HOSCH-vision-lowres-ot_Seite_07.png&#8221; show_in_lightbox=&#8221;on&#8221; show_lightbox_other_img=&#8221;on&#8221; show_lightbox_other_img_src=&#8221;https:\/\/www.hosch-international.com\/wp\/wp-content\/uploads\/Werte\/Patnerschaften.png&#8221; _builder_version=&#8221;4.27.4&#8243; _module_preset=&#8221;default&#8221; hover_enabled=&#8221;0&#8243; global_colors_info=&#8221;{}&#8221; sticky_enabled=&#8221;0&#8243;][\/dsm_perspective_image][\/et_pb_column][et_pb_column type=&#8221;1_5&#8243; _builder_version=&#8221;4.27.0&#8243; _module_preset=&#8221;default&#8221; global_colors_info=&#8221;{}&#8221;][dsm_perspective_image src=&#8221;https:\/\/www.hosch-international.com\/wp\/wp-content\/uploads\/2024\/09\/HOSCH-vision-lowres-ot_Seite_08.png&#8221; show_in_lightbox=&#8221;on&#8221; show_lightbox_other_img=&#8221;on&#8221; show_lightbox_other_img_src=&#8221;https:\/\/www.hosch-international.com\/wp\/wp-content\/uploads\/Werte\/UnsereProdukte.png&#8221; _builder_version=&#8221;4.27.4&#8243; _module_preset=&#8221;default&#8221; hover_enabled=&#8221;0&#8243; global_colors_info=&#8221;{}&#8221; sticky_enabled=&#8221;0&#8243;][\/dsm_perspective_image][\/et_pb_column][et_pb_column type=&#8221;1_5&#8243; _builder_version=&#8221;4.27.0&#8243; _module_preset=&#8221;default&#8221; global_colors_info=&#8221;{}&#8221;][dsm_perspective_image src=&#8221;https:\/\/www.hosch-international.com\/wp\/wp-content\/uploads\/2024\/09\/HOSCH-vision-lowres-ot_Seite_09.png&#8221; show_in_lightbox=&#8221;on&#8221; show_lightbox_other_img=&#8221;on&#8221; show_lightbox_other_img_src=&#8221;https:\/\/www.hosch-international.com\/wp\/wp-content\/uploads\/Werte\/Unabhaengigkeit.png&#8221; _builder_version=&#8221;4.27.4&#8243; _module_preset=&#8221;default&#8221; hover_enabled=&#8221;0&#8243; global_colors_info=&#8221;{}&#8221; sticky_enabled=&#8221;0&#8243;][\/dsm_perspective_image][\/et_pb_column][et_pb_column type=&#8221;1_5&#8243; _builder_version=&#8221;4.27.0&#8243; _module_preset=&#8221;default&#8221; global_colors_info=&#8221;{}&#8221;][dsm_perspective_image src=&#8221;https:\/\/www.hosch-international.com\/wp\/wp-content\/uploads\/2024\/09\/HOSCH-vision-lowres-ot_Seite_10.png&#8221; show_in_lightbox=&#8221;on&#8221; show_lightbox_other_img=&#8221;on&#8221; show_lightbox_other_img_src=&#8221;https:\/\/www.hosch-international.com\/wp\/wp-content\/uploads\/Werte\/Zukunft.png&#8221; _builder_version=&#8221;4.27.4&#8243; _module_preset=&#8221;default&#8221; hover_enabled=&#8221;0&#8243; global_colors_info=&#8221;{}&#8221; sticky_enabled=&#8221;0&#8243;][\/dsm_perspective_image][\/et_pb_column][\/et_pb_row][\/et_pb_section][et_pb_section fb_built=&#8221;1&#8243; _builder_version=&#8221;4.18.0&#8243; _module_preset=&#8221;default&#8221; collapsed=&#8221;on&#8221; global_colors_info=&#8221;{}&#8221;][et_pb_row column_structure=&#8221;1_3,1_3,1_3&#8243; use_custom_gutter=&#8221;on&#8221; _builder_version=&#8221;4.18.0&#8243; background_size=&#8221;initial&#8221; background_position=&#8221;top_left&#8221; background_repeat=&#8221;repeat&#8221; max_width=&#8221;100%&#8221; custom_padding=&#8221;1px|0px|2px|0px&#8221; use_custom_width=&#8221;on&#8221; width_unit=&#8221;off&#8221; custom_width_percent=&#8221;75%&#8221; global_colors_info=&#8221;{}&#8221;][et_pb_column type=&#8221;1_3&#8243; _builder_version=&#8221;4.16&#8243; custom_padding=&#8221;|||&#8221; global_colors_info=&#8221;{}&#8221; custom_padding__hover=&#8221;|||&#8221;][et_pb_cta button_url=&#8221;https:\/\/www.hosch-international.com\/wp\/karriere\/meine-hosch-story&#8221; button_text=&#8221;HOSCH Stories&#8221; _builder_version=&#8221;4.18.0&#8243; header_level=&#8221;h3&#8243; header_font_size=&#8221;27px&#8221; background_color=&#8221;#bfbfbf&#8221; use_background_color_gradient=&#8221;on&#8221; background_color_gradient_stops=&#8221;rgba(255,255,255,0) 0%|rgba(58,58,58,0.5) 80%&#8221; background_color_gradient_overlays_image=&#8221;on&#8221; background_color_gradient_start=&#8221;rgba(255,255,255,0)&#8221; background_color_gradient_end=&#8221;rgba(58,58,58,0.5)&#8221; background_color_gradient_end_position=&#8221;80%&#8221; background_image=&#8221;https:\/\/www.hosch-international.com\/wp\/wp-content\/uploads\/2018\/12\/HOSCH-plant-inspection.jpg&#8221; background_blend=&#8221;multiply&#8221; custom_button=&#8221;on&#8221; button_text_color=&#8221;#ffffff&#8221; button_border_color=&#8221;#ffffff&#8221; button_border_radius=&#8221;0px&#8221; button_letter_spacing=&#8221;1px&#8221; button_font=&#8221;|||on|||||&#8221; button_use_icon=&#8221;off&#8221; max_width_last_edited=&#8221;off|desktop&#8221; custom_margin=&#8221;||15px|&#8221; custom_padding=&#8221;90px||90px|&#8221; animation_direction=&#8221;left&#8221; header_font_size_tablet=&#8221;&#8221; header_font_size_phone=&#8221;22px&#8221; header_font_size_last_edited=&#8221;on|phone&#8221; button_text_size_tablet=&#8221;&#8221; button_text_size_phone=&#8221;16px&#8221; button_text_size_last_edited=&#8221;on|desktop&#8221; button_text_color_hover=&#8221;#ff7300&#8243; button_bg_color_hover=&#8221;#ffffff&#8221; global_colors_info=&#8221;{}&#8221; button_text_size__hover_enabled=&#8221;off&#8221; button_one_text_size__hover_enabled=&#8221;off&#8221; button_two_text_size__hover_enabled=&#8221;off&#8221; button_text_color__hover_enabled=&#8221;on&#8221; button_text_color__hover=&#8221;#ff7300&#8243; button_one_text_color__hover_enabled=&#8221;off&#8221; button_two_text_color__hover_enabled=&#8221;off&#8221; button_border_width__hover_enabled=&#8221;off&#8221; button_one_border_width__hover_enabled=&#8221;off&#8221; button_two_border_width__hover_enabled=&#8221;off&#8221; button_border_color__hover_enabled=&#8221;off&#8221; button_one_border_color__hover_enabled=&#8221;off&#8221; button_two_border_color__hover_enabled=&#8221;off&#8221; button_border_radius__hover_enabled=&#8221;off&#8221; button_one_border_radius__hover_enabled=&#8221;off&#8221; button_two_border_radius__hover_enabled=&#8221;off&#8221; button_letter_spacing__hover_enabled=&#8221;off&#8221; button_one_letter_spacing__hover_enabled=&#8221;off&#8221; button_two_letter_spacing__hover_enabled=&#8221;off&#8221; button_bg_color__hover_enabled=&#8221;on&#8221; button_bg_color__hover=&#8221;#ffffff&#8221; button_one_bg_color__hover_enabled=&#8221;off&#8221; button_two_bg_color__hover_enabled=&#8221;off&#8221;][\/et_pb_cta][\/et_pb_column][et_pb_column type=&#8221;1_3&#8243; _builder_version=&#8221;4.16&#8243; custom_padding=&#8221;|||&#8221; global_colors_info=&#8221;{}&#8221; custom_padding__hover=&#8221;|||&#8221;][et_pb_cta button_url=&#8221;https:\/\/www.hosch-international.com\/wp\/karriere\/arbeiten-bei-hosch&#8221; button_text=&#8221;Warum zu HOSCH&#8221; _builder_version=&#8221;4.18.0&#8243; header_level=&#8221;h3&#8243; header_font_size=&#8221;27px&#8221; background_color=&#8221;#bfbfbf&#8221; use_background_color_gradient=&#8221;on&#8221; background_color_gradient_stops=&#8221;rgba(255,255,255,0) 0%|rgba(58,58,58,0.5) 80%&#8221; background_color_gradient_overlays_image=&#8221;on&#8221; background_color_gradient_start=&#8221;rgba(255,255,255,0)&#8221; background_color_gradient_end=&#8221;rgba(58,58,58,0.5)&#8221; background_color_gradient_end_position=&#8221;80%&#8221; background_image=&#8221;https:\/\/www.hosch-international.com\/wp\/wp-content\/uploads\/2022\/10\/career-slider-temp-001.jpg&#8221; background_blend=&#8221;multiply&#8221; custom_button=&#8221;on&#8221; button_text_color=&#8221;#ffffff&#8221; button_border_color=&#8221;#ffffff&#8221; button_border_radius=&#8221;0px&#8221; button_letter_spacing=&#8221;1px&#8221; button_font=&#8221;|||on|||||&#8221; button_use_icon=&#8221;off&#8221; custom_margin=&#8221;||15px|&#8221; custom_padding=&#8221;90px||90px|&#8221; animation_direction=&#8221;left&#8221; header_font_size_tablet=&#8221;&#8221; header_font_size_phone=&#8221;&#8221; header_font_size_last_edited=&#8221;on|phone&#8221; button_text_size_tablet=&#8221;&#8221; button_text_size_phone=&#8221;16px&#8221; button_text_size_last_edited=&#8221;on|desktop&#8221; button_text_color_hover=&#8221;#ff7300&#8243; button_bg_color_hover=&#8221;#ffffff&#8221; global_colors_info=&#8221;{}&#8221; button_text_size__hover_enabled=&#8221;off&#8221; button_one_text_size__hover_enabled=&#8221;off&#8221; button_two_text_size__hover_enabled=&#8221;off&#8221; button_text_color__hover_enabled=&#8221;on&#8221; button_text_color__hover=&#8221;#ff7300&#8243; button_one_text_color__hover_enabled=&#8221;off&#8221; button_two_text_color__hover_enabled=&#8221;off&#8221; button_border_width__hover_enabled=&#8221;off&#8221; button_one_border_width__hover_enabled=&#8221;off&#8221; button_two_border_width__hover_enabled=&#8221;off&#8221; button_border_color__hover_enabled=&#8221;off&#8221; button_one_border_color__hover_enabled=&#8221;off&#8221; button_two_border_color__hover_enabled=&#8221;off&#8221; button_border_radius__hover_enabled=&#8221;off&#8221; button_one_border_radius__hover_enabled=&#8221;off&#8221; button_two_border_radius__hover_enabled=&#8221;off&#8221; button_letter_spacing__hover_enabled=&#8221;off&#8221; button_one_letter_spacing__hover_enabled=&#8221;off&#8221; button_two_letter_spacing__hover_enabled=&#8221;off&#8221; button_bg_color__hover_enabled=&#8221;on&#8221; button_bg_color__hover=&#8221;#ffffff&#8221; button_one_bg_color__hover_enabled=&#8221;off&#8221; button_two_bg_color__hover_enabled=&#8221;off&#8221;][\/et_pb_cta][\/et_pb_column][et_pb_column type=&#8221;1_3&#8243; _builder_version=&#8221;4.16&#8243; custom_padding=&#8221;|||&#8221; global_colors_info=&#8221;{}&#8221; custom_padding__hover=&#8221;|||&#8221;][et_pb_cta button_url=&#8221;https:\/\/www.hosch-international.com\/wp\/karriere\/jetzt-bewerben&#8221; button_text=&#8221;Jetzt bewerben&#8221; _builder_version=&#8221;4.18.0&#8243; header_level=&#8221;h3&#8243; header_font_size=&#8221;27px&#8221; background_color=&#8221;#bfbfbf&#8221; use_background_color_gradient=&#8221;on&#8221; background_color_gradient_stops=&#8221;rgba(255,255,255,0) 0%|rgba(58,58,58,0.5) 80%&#8221; background_color_gradient_overlays_image=&#8221;on&#8221; background_color_gradient_start=&#8221;rgba(255,255,255,0)&#8221; background_color_gradient_end=&#8221;rgba(58,58,58,0.5)&#8221; background_color_gradient_end_position=&#8221;80%&#8221; background_image=&#8221;https:\/\/www.hosch-international.com\/wp\/wp-content\/uploads\/2022\/10\/jetzt-bewerben.jpg&#8221; background_blend=&#8221;multiply&#8221; custom_button=&#8221;on&#8221; button_text_color=&#8221;#ffffff&#8221; button_border_color=&#8221;#ffffff&#8221; button_border_radius=&#8221;0px&#8221; button_letter_spacing=&#8221;1px&#8221; button_font=&#8221;|||on|||||&#8221; button_use_icon=&#8221;off&#8221; custom_margin=&#8221;||15px|&#8221; custom_padding=&#8221;90px||90px|&#8221; animation_direction=&#8221;left&#8221; header_font_size_tablet=&#8221;&#8221; header_font_size_phone=&#8221;22px&#8221; header_font_size_last_edited=&#8221;on|desktop&#8221; button_text_size_tablet=&#8221;&#8221; button_text_size_phone=&#8221;16px&#8221; button_text_size_last_edited=&#8221;on|desktop&#8221; button_text_color_hover=&#8221;#ff7300&#8243; button_bg_color_hover=&#8221;#ffffff&#8221; global_colors_info=&#8221;{}&#8221; button_text_size__hover_enabled=&#8221;off&#8221; button_one_text_size__hover_enabled=&#8221;off&#8221; button_two_text_size__hover_enabled=&#8221;off&#8221; button_text_color__hover_enabled=&#8221;on&#8221; button_text_color__hover=&#8221;#ff7300&#8243; button_one_text_color__hover_enabled=&#8221;off&#8221; button_two_text_color__hover_enabled=&#8221;off&#8221; button_border_width__hover_enabled=&#8221;off&#8221; button_one_border_width__hover_enabled=&#8221;off&#8221; button_two_border_width__hover_enabled=&#8221;off&#8221; button_border_color__hover_enabled=&#8221;off&#8221; button_one_border_color__hover_enabled=&#8221;off&#8221; button_two_border_color__hover_enabled=&#8221;off&#8221; button_border_radius__hover_enabled=&#8221;off&#8221; button_one_border_radius__hover_enabled=&#8221;off&#8221; button_two_border_radius__hover_enabled=&#8221;off&#8221; button_letter_spacing__hover_enabled=&#8221;off&#8221; button_one_letter_spacing__hover_enabled=&#8221;off&#8221; button_two_letter_spacing__hover_enabled=&#8221;off&#8221; button_bg_color__hover_enabled=&#8221;on&#8221; button_bg_color__hover=&#8221;#ffffff&#8221; button_one_bg_color__hover_enabled=&#8221;off&#8221; button_two_bg_color__hover_enabled=&#8221;off&#8221;][\/et_pb_cta][\/et_pb_column][\/et_pb_row][\/et_pb_section]<\/p>\n","protected":false},"excerpt":{"rendered":"<p>Unsere WerteHans-Otto Schwarze, mein Vater, war ein au\u00dfergew\u00f6hnlicher Gr\u00fcnder-Unternehmer. Voller Wagemut, mit Ideenreichtum und Wirklichkeitssinn, Produktgef\u00fchrt, extrem belastbar und ausdauernd hat er ein weltumspannendes Unternehmen geschaffen. Dies konnte nur gelingen mit einer gro\u00dfartigen Mannschaft von gestandenen Frauen und M\u00e4nnern, die ihm im Herzen des Ruhrgebietes und an unseren internationalen Standorten zur Seite standen. Zusammen mit [&hellip;]<\/p>\n","protected":false},"author":19,"featured_media":0,"parent":0,"menu_order":0,"comment_status":"closed","ping_status":"closed","template":"","meta":{"_et_pb_use_builder":"on","_et_pb_old_content":"","_et_gb_content_width":"","footnotes":""},"class_list":["post-18166","page","type-page","status-publish","hentry"],"_links":{"self":[{"href":"https:\/\/www.hosch-international.com\/wp\/wp-json\/wp\/v2\/pages\/18166","targetHints":{"allow":["GET"]}}],"collection":[{"href":"https:\/\/www.hosch-international.com\/wp\/wp-json\/wp\/v2\/pages"}],"about":[{"href":"https:\/\/www.hosch-international.com\/wp\/wp-json\/wp\/v2\/types\/page"}],"author":[{"embeddable":true,"href":"https:\/\/www.hosch-international.com\/wp\/wp-json\/wp\/v2\/users\/19"}],"replies":[{"embeddable":true,"href":"https:\/\/www.hosch-international.com\/wp\/wp-json\/wp\/v2\/comments?post=18166"}],"version-history":[{"count":9,"href":"https:\/\/www.hosch-international.com\/wp\/wp-json\/wp\/v2\/pages\/18166\/revisions"}],"predecessor-version":[{"id":18510,"href":"https:\/\/www.hosch-international.com\/wp\/wp-json\/wp\/v2\/pages\/18166\/revisions\/18510"}],"wp:attachment":[{"href":"https:\/\/www.hosch-international.com\/wp\/wp-json\/wp\/v2\/media?parent=18166"}],"curies":[{"name":"wp","href":"https:\/\/api.w.org\/{rel}","templated":true}]}}