{"id":219,"date":"2018-02-28T08:50:04","date_gmt":"2018-02-28T08:50:04","guid":{"rendered":"https:\/\/www.hosch-international.com\/wp\/?page_id=219"},"modified":"2025-01-31T12:50:19","modified_gmt":"2025-01-31T11:50:19","slug":"installation-inspektion-und-wartung","status":"publish","type":"page","link":"https:\/\/www.hosch-international.com\/wp\/service\/installation-inspektion-und-wartung","title":{"rendered":"Installation, Inspektion und Wartung"},"content":{"rendered":"<p>[et_pb_section bb_built=&#8221;1&#8243; admin_label=&#8221;Page Header&#8221; fullwidth=&#8221;on&#8221; _builder_version=&#8221;3.0.106&#8243; custom_padding=&#8221;0|0px|0|0px&#8221; next_background_color=&#8221;rgba(255,255,255,0.24)&#8221;][et_pb_fullwidth_header title=&#8221;Installation, Inspektion und Wartung&#8221; text_orientation=&#8221;center&#8221; content_max_width_last_edited=&#8221;on|tablet&#8221; _builder_version=&#8221;3.18.2&#8243; title_text_color=&#8221;#ffffff&#8221; title_font_size=&#8221;60px&#8221; background_color=&#8221;rgba(255, 255, 255, 0)&#8221; use_background_color_gradient=&#8221;on&#8221; background_color_gradient_start=&#8221;rgba(255,255,255,0)&#8221; background_color_gradient_end=&#8221;rgba(58,58,58,0.5)&#8221; background_color_gradient_end_position=&#8221;70%&#8221; background_color_gradient_overlays_image=&#8221;on&#8221; background_image=&#8221;https:\/\/www.hosch-international.com\/wp\/wp-content\/uploads\/2018\/12\/20100304-service.jpg&#8221; background_position=&#8221;bottom_center&#8221; background_blend=&#8221;multiply&#8221; background_layout=&#8221;light&#8221; max_width_last_edited=&#8221;on|desktop&#8221; custom_margin=&#8221;|||0&#8243; custom_margin_tablet=&#8221;|||0px&#8221; custom_margin_last_edited=&#8221;on|desktop&#8221; custom_padding=&#8221;200px||200px|&#8221; custom_padding_tablet=&#8221;150px||200px|&#8221; custom_padding_phone=&#8221;80px||80px|&#8221; custom_padding_last_edited=&#8221;on|phone&#8221; button_one_text_size__hover_enabled=&#8221;off&#8221; button_one_text_size__hover=&#8221;null&#8221; button_two_text_size__hover_enabled=&#8221;off&#8221; button_two_text_size__hover=&#8221;null&#8221; button_one_text_color__hover_enabled=&#8221;off&#8221; button_one_text_color__hover=&#8221;null&#8221; button_two_text_color__hover_enabled=&#8221;off&#8221; button_two_text_color__hover=&#8221;null&#8221; button_one_border_width__hover_enabled=&#8221;off&#8221; button_one_border_width__hover=&#8221;null&#8221; button_two_border_width__hover_enabled=&#8221;off&#8221; button_two_border_width__hover=&#8221;null&#8221; button_one_border_color__hover_enabled=&#8221;off&#8221; button_one_border_color__hover=&#8221;null&#8221; button_two_border_color__hover_enabled=&#8221;off&#8221; button_two_border_color__hover=&#8221;null&#8221; button_one_border_radius__hover_enabled=&#8221;off&#8221; button_one_border_radius__hover=&#8221;null&#8221; button_two_border_radius__hover_enabled=&#8221;off&#8221; button_two_border_radius__hover=&#8221;null&#8221; button_one_letter_spacing__hover_enabled=&#8221;off&#8221; button_one_letter_spacing__hover=&#8221;null&#8221; button_two_letter_spacing__hover_enabled=&#8221;off&#8221; button_two_letter_spacing__hover=&#8221;null&#8221; button_one_bg_color__hover_enabled=&#8221;off&#8221; button_one_bg_color__hover=&#8221;null&#8221; button_two_bg_color__hover_enabled=&#8221;off&#8221; button_two_bg_color__hover=&#8221;null&#8221; \/][\/et_pb_section][et_pb_section bb_built=&#8221;1&#8243; admin_label=&#8221;Pricing&#8221; _builder_version=&#8221;3.0.105&#8243; background_color=&#8221;rgba(255,255,255,0.24)&#8221; custom_padding=&#8221;36px|0px|71px|0px&#8221; prev_background_color=&#8221;#ffffff&#8221;][et_pb_row use_custom_width=&#8221;on&#8221; width_unit=&#8221;off&#8221; custom_width_percent=&#8221;75%&#8221; use_custom_gutter=&#8221;on&#8221; custom_padding=&#8221;1px|0px|6px|0px&#8221; _builder_version=&#8221;3.0.106&#8243;][et_pb_column type=&#8221;1_2&#8243;][et_pb_image _builder_version=&#8221;3.18.2&#8243; src=&#8221;https:\/\/www.hosch-international.com\/wp\/wp-content\/uploads\/2018\/12\/HOSCH-installation-inspection-maintenance-hd-pu.jpg&#8221; \/][\/et_pb_column][et_pb_column type=&#8221;1_2&#8243;][et_pb_blurb image_max_width=&#8221;75%&#8221; content_max_width=&#8221;1080px&#8221; image_max_width_last_edited=&#8221;off|desktop&#8221; _builder_version=&#8221;3.18.2&#8243; header_level=&#8221;h3&#8243; header_text_color=&#8221;#636363&#8243; header_font_size_last_edited=&#8221;off|desktop&#8221; header_letter_spacing_last_edited=&#8221;off|desktop&#8221; header_line_height=&#8221;1.3em&#8221; body_font=&#8221;|300|||||||&#8221; body_font_size=&#8221;22px&#8221; body_font_size_phone=&#8221;19px&#8221; body_font_size_last_edited=&#8221;on|desktop&#8221; body_letter_spacing_last_edited=&#8221;off|desktop&#8221; body_line_height=&#8221;1.3em&#8221;]<\/p>\n<h3>Mit <span style=\"color: #ff6600;\">HOSCH<\/span> &#8211; Einfacher geht&#8217;s nicht<\/h3>\n<p>Wir begleiten Sie bis zur Inbetriebnahme und ausgereiften Funktionsf\u00e4higkeit unserer Abstreifer in Ihrer Anlage und wir gehen erst, wenn alles optimal l\u00e4uft.<\/p>\n<p>Damit das auch dauerhaft so bleibt und Sie sich um nichts k\u00fcmmern m\u00fcssen, bieten wir genaue und sorgf\u00e4ltige Inspektionen an. Da wir die Herausforderungen jedes Kunden mit seiner speziellen Anlage und seinem speziellen Sch\u00fcttgut genau kennen, wissen wir auch, dass die Abstreifer im Betrieb durch statische und dynamische Kr\u00e4fte sowie durch das abgestreifte Sch\u00fcttgut erheblichen Belastungen ausgesetzt sind. Eine regelm\u00e4\u00dfige Kontrolle und ein Auswechseln der Verschlei\u00dfteile zum richtigen Zeitpunkt sch\u00fctzt Sie vor b\u00f6sen \u00dcberraschungen.<\/p>\n<p>Profitieren Sie von unserem Rundum-Sorglos-Paket!<\/p>\n<p>[\/et_pb_blurb][\/et_pb_column][\/et_pb_row][\/et_pb_section]<\/p>\n","protected":false},"excerpt":{"rendered":"<p>Mit HOSCH &#8211; Einfacher geht&#8217;s nichtWir begleiten Sie bis zur Inbetriebnahme und ausgereiften Funktionsf\u00e4higkeit unserer Abstreifer in Ihrer Anlage und wir gehen erst, wenn alles optimal l\u00e4uft.Damit das auch dauerhaft so bleibt und Sie sich um nichts k\u00fcmmern m\u00fcssen, bieten wir genaue und sorgf\u00e4ltige Inspektionen an. Da wir die Herausforderungen jedes Kunden mit seiner speziellen [&hellip;]<\/p>\n","protected":false},"author":12,"featured_media":0,"parent":41,"menu_order":0,"comment_status":"closed","ping_status":"closed","template":"","meta":{"_et_pb_use_builder":"on","_et_pb_old_content":"","_et_gb_content_width":"","footnotes":""},"class_list":["post-219","page","type-page","status-publish","hentry"],"_links":{"self":[{"href":"https:\/\/www.hosch-international.com\/wp\/wp-json\/wp\/v2\/pages\/219","targetHints":{"allow":["GET"]}}],"collection":[{"href":"https:\/\/www.hosch-international.com\/wp\/wp-json\/wp\/v2\/pages"}],"about":[{"href":"https:\/\/www.hosch-international.com\/wp\/wp-json\/wp\/v2\/types\/page"}],"author":[{"embeddable":true,"href":"https:\/\/www.hosch-international.com\/wp\/wp-json\/wp\/v2\/users\/12"}],"replies":[{"embeddable":true,"href":"https:\/\/www.hosch-international.com\/wp\/wp-json\/wp\/v2\/comments?post=219"}],"version-history":[{"count":25,"href":"https:\/\/www.hosch-international.com\/wp\/wp-json\/wp\/v2\/pages\/219\/revisions"}],"predecessor-version":[{"id":12895,"href":"https:\/\/www.hosch-international.com\/wp\/wp-json\/wp\/v2\/pages\/219\/revisions\/12895"}],"up":[{"embeddable":true,"href":"https:\/\/www.hosch-international.com\/wp\/wp-json\/wp\/v2\/pages\/41"}],"wp:attachment":[{"href":"https:\/\/www.hosch-international.com\/wp\/wp-json\/wp\/v2\/media?parent=219"}],"curies":[{"name":"wp","href":"https:\/\/api.w.org\/{rel}","templated":true}]}}