{"id":2917,"date":"2018-04-20T13:04:18","date_gmt":"2018-04-20T13:04:18","guid":{"rendered":"https:\/\/www.hosch-international.com\/wp\/?page_id=2917"},"modified":"2025-01-31T12:50:19","modified_gmt":"2025-01-31T11:50:19","slug":"formacion","status":"publish","type":"page","link":"https:\/\/www.hosch-international.com\/wp\/es\/servicio\/formacion","title":{"rendered":"Formaci\u00f3n"},"content":{"rendered":"<p>[et_pb_section fb_built=&#8221;1&#8243; fullwidth=&#8221;on&#8221; admin_label=&#8221;Page Header&#8221; _builder_version=&#8221;3.0.106&#8243; custom_padding=&#8221;0|0px|0|0px&#8221;][et_pb_fullwidth_header title=&#8221;Formaci\u00f3n&#8221; text_orientation=&#8221;center&#8221; content_max_width_last_edited=&#8221;on|tablet&#8221; _builder_version=&#8221;3.18.2&#8243; title_text_color=&#8221;#ffffff&#8221; title_font_size=&#8221;60px&#8221; background_color=&#8221;rgba(255, 255, 255, 0)&#8221; use_background_color_gradient=&#8221;on&#8221; background_color_gradient_start=&#8221;rgba(255,255,255,0)&#8221; background_color_gradient_end=&#8221;rgba(58,58,58,0.75)&#8221; background_color_gradient_end_position=&#8221;80%&#8221; background_color_gradient_overlays_image=&#8221;on&#8221; background_image=&#8221;https:\/\/www.hosch-international.com\/wp\/wp-content\/uploads\/2018\/09\/pic-training-2-e1537866527607.jpg&#8221; background_position=&#8221;center_left&#8221; background_blend=&#8221;multiply&#8221; background_layout=&#8221;light&#8221; max_width_last_edited=&#8221;on|desktop&#8221; custom_margin=&#8221;|||0&#8243; custom_margin_tablet=&#8221;|||0px&#8221; custom_margin_last_edited=&#8221;on|desktop&#8221; custom_padding=&#8221;200px||200px|&#8221; custom_padding_tablet=&#8221;150px||200px|&#8221; custom_padding_phone=&#8221;80px||80px|&#8221; custom_padding_last_edited=&#8221;on|phone&#8221; button_one_text_size__hover_enabled=&#8221;off&#8221; button_one_text_size__hover=&#8221;null&#8221; button_two_text_size__hover_enabled=&#8221;off&#8221; button_two_text_size__hover=&#8221;null&#8221; button_one_text_color__hover_enabled=&#8221;off&#8221; button_one_text_color__hover=&#8221;null&#8221; button_two_text_color__hover_enabled=&#8221;off&#8221; button_two_text_color__hover=&#8221;null&#8221; button_one_border_width__hover_enabled=&#8221;off&#8221; button_one_border_width__hover=&#8221;null&#8221; button_two_border_width__hover_enabled=&#8221;off&#8221; button_two_border_width__hover=&#8221;null&#8221; button_one_border_color__hover_enabled=&#8221;off&#8221; button_one_border_color__hover=&#8221;null&#8221; button_two_border_color__hover_enabled=&#8221;off&#8221; button_two_border_color__hover=&#8221;null&#8221; button_one_border_radius__hover_enabled=&#8221;off&#8221; button_one_border_radius__hover=&#8221;null&#8221; button_two_border_radius__hover_enabled=&#8221;off&#8221; button_two_border_radius__hover=&#8221;null&#8221; button_one_letter_spacing__hover_enabled=&#8221;off&#8221; button_one_letter_spacing__hover=&#8221;null&#8221; button_two_letter_spacing__hover_enabled=&#8221;off&#8221; button_two_letter_spacing__hover=&#8221;null&#8221; button_one_bg_color__hover_enabled=&#8221;off&#8221; button_one_bg_color__hover=&#8221;null&#8221; button_two_bg_color__hover_enabled=&#8221;off&#8221; button_two_bg_color__hover=&#8221;null&#8221;][\/et_pb_fullwidth_header][\/et_pb_section][et_pb_section fb_built=&#8221;1&#8243; admin_label=&#8221;Pricing&#8221; _builder_version=&#8221;3.0.105&#8243; background_color=&#8221;rgba(255,255,255,0.24)&#8221; custom_padding=&#8221;36px|0px|71px|0px&#8221;][et_pb_row use_custom_width=&#8221;on&#8221; width_unit=&#8221;off&#8221; custom_width_percent=&#8221;75%&#8221; use_custom_gutter=&#8221;on&#8221; custom_padding=&#8221;1px|0px|6px|0px&#8221; _builder_version=&#8221;3.0.106&#8243;][et_pb_column type=&#8221;1_2&#8243; _builder_version=&#8221;3.0.47&#8243; parallax=&#8221;off&#8221; parallax_method=&#8221;on&#8221;][et_pb_image src=&#8221;https:\/\/www.hosch-international.com\/wp\/wp-content\/uploads\/2018\/09\/pic-training-1-1-e1544012929937.jpg&#8221; force_fullwidth=&#8221;on&#8221; _builder_version=&#8221;3.17.6&#8243;][\/et_pb_image][et_pb_text _builder_version=&#8221;3.0.106&#8243;][\/et_pb_text][\/et_pb_column][et_pb_column type=&#8221;1_2&#8243; _builder_version=&#8221;3.0.47&#8243; parallax=&#8221;off&#8221; parallax_method=&#8221;on&#8221;][et_pb_blurb title=&#8221;El t\u00e9cnico se ha ido &#8211; \u00bfqu\u00e9 ocurre ahora?&#8221; image_max_width=&#8221;75%&#8221; content_max_width=&#8221;1080px&#8221; image_max_width_last_edited=&#8221;off|desktop&#8221; _builder_version=&#8221;3.18.4&#8243; header_level=&#8221;h3&#8243; header_font=&#8221;||||||||&#8221; header_text_color=&#8221;#636363&#8243; header_font_size_last_edited=&#8221;off|desktop&#8221; header_letter_spacing_last_edited=&#8221;off|desktop&#8221; header_line_height=&#8221;1.3em&#8221; body_font=&#8221;|300|||||||&#8221; body_font_size=&#8221;22px&#8221; body_font_size_phone=&#8221;19px&#8221; body_font_size_last_edited=&#8221;on|desktop&#8221; body_letter_spacing_last_edited=&#8221;off|desktop&#8221; body_line_height=&#8221;1.3em&#8221;]<\/p>\n<p>La mejor tecnolog\u00eda solo da buenos resultados cuando se maneja correctamente. A mediados de los a\u00f1os noventa, en <span style=\"color: #ff6600;\">HOSCH <\/span>desarrollamos nuestro propio programa de formaci\u00f3n, sobre la base de nuestra experiencia en cuestiones t\u00e9cnicas muy complejas relacionadas con la limpieza de bandas transportadoras.<\/p>\n<p>Llevamos ofreciendo este servicio con \u00e9xito a nuestros clientes desde hace a\u00f1os. La formaci\u00f3n incluye, tanto los conceptos b\u00e1sicos de la limpieza de bandas transportadoras, como la \u00f3ptima integraci\u00f3n de un rascador en el sistema de transportadores de banda.<\/p>\n<p>Con nuestros cursos personalizados de formaci\u00f3n, sus empleados tambi\u00e9n ser\u00e1n unos expertos. <a href=\"\/wp\/es\/contacto-espanol\">\u00a1P\u00f3ngase en contacto con nosotros!<\/a><\/p>\n<p>[\/et_pb_blurb][\/et_pb_column][\/et_pb_row][\/et_pb_section]<\/p>\n","protected":false},"excerpt":{"rendered":"<p>La mejor tecnolog\u00eda solo da buenos resultados cuando se maneja correctamente. A mediados de los a\u00f1os noventa, en HOSCH desarrollamos nuestro propio programa de formaci\u00f3n, sobre la base de nuestra experiencia en cuestiones t\u00e9cnicas muy complejas relacionadas con la limpieza de bandas transportadoras. Llevamos ofreciendo este servicio con \u00e9xito a nuestros clientes desde hace a\u00f1os. [&hellip;]<\/p>\n","protected":false},"author":12,"featured_media":0,"parent":2914,"menu_order":0,"comment_status":"closed","ping_status":"closed","template":"","meta":{"_et_pb_use_builder":"on","_et_pb_old_content":"","_et_gb_content_width":"","footnotes":""},"class_list":["post-2917","page","type-page","status-publish","hentry"],"_links":{"self":[{"href":"https:\/\/www.hosch-international.com\/wp\/wp-json\/wp\/v2\/pages\/2917","targetHints":{"allow":["GET"]}}],"collection":[{"href":"https:\/\/www.hosch-international.com\/wp\/wp-json\/wp\/v2\/pages"}],"about":[{"href":"https:\/\/www.hosch-international.com\/wp\/wp-json\/wp\/v2\/types\/page"}],"author":[{"embeddable":true,"href":"https:\/\/www.hosch-international.com\/wp\/wp-json\/wp\/v2\/users\/12"}],"replies":[{"embeddable":true,"href":"https:\/\/www.hosch-international.com\/wp\/wp-json\/wp\/v2\/comments?post=2917"}],"version-history":[{"count":14,"href":"https:\/\/www.hosch-international.com\/wp\/wp-json\/wp\/v2\/pages\/2917\/revisions"}],"predecessor-version":[{"id":9471,"href":"https:\/\/www.hosch-international.com\/wp\/wp-json\/wp\/v2\/pages\/2917\/revisions\/9471"}],"up":[{"embeddable":true,"href":"https:\/\/www.hosch-international.com\/wp\/wp-json\/wp\/v2\/pages\/2914"}],"wp:attachment":[{"href":"https:\/\/www.hosch-international.com\/wp\/wp-json\/wp\/v2\/media?parent=2917"}],"curies":[{"name":"wp","href":"https:\/\/api.w.org\/{rel}","templated":true}]}}