{"id":3114,"date":"2018-04-20T14:32:11","date_gmt":"2018-04-20T14:32:11","guid":{"rendered":"https:\/\/www.hosch-international.com\/wp\/?page_id=3114"},"modified":"2025-01-31T12:50:19","modified_gmt":"2025-01-31T11:50:19","slug":"skrobak-typ-d","status":"publish","type":"page","link":"https:\/\/www.hosch-international.com\/wp\/pl\/produkty\/skrobak-typ-d","title":{"rendered":"Skrobak Typ D"},"content":{"rendered":"<p>[et_pb_section fb_built=&#8221;1&#8243; admin_label=&#8221;Our Projects&#8221; _builder_version=&#8221;3.0.106&#8243; background_color=&#8221;#636363&#8243; custom_padding=&#8221;52px|0px|39px|0px&#8221;][et_pb_row use_custom_width=&#8221;on&#8221; width_unit=&#8221;off&#8221; custom_width_percent=&#8221;75%&#8221; use_custom_gutter=&#8221;on&#8221; custom_padding=&#8221;1px|0px|6px|0px&#8221; _builder_version=&#8221;3.0.106&#8243;][et_pb_column type=&#8221;4_4&#8243; _builder_version=&#8221;3.0.47&#8243; parallax=&#8221;off&#8221; parallax_method=&#8221;on&#8221;][et_pb_blurb title=&#8221;Skrobak HOSCH typ D&#8221; image_max_width=&#8221;75%&#8221; content_max_width=&#8221;1080px&#8221; image_max_width_last_edited=&#8221;off|desktop&#8221; _builder_version=&#8221;3.18.5&#8243; header_level=&#8221;h2&#8243; header_text_color=&#8221;#ffffff&#8221; header_font_size_last_edited=&#8221;off|desktop&#8221; header_letter_spacing_last_edited=&#8221;off|desktop&#8221; header_line_height=&#8221;1.3em&#8221; body_font=&#8221;|300|||||||&#8221; body_font_size=&#8221;22px&#8221; body_font_size_phone=&#8221;19px&#8221; body_font_size_last_edited=&#8221;on|desktop&#8221; body_letter_spacing_last_edited=&#8221;off|desktop&#8221; body_line_height=&#8221;1.3em&#8221; background_layout=&#8221;dark&#8221;]<\/p>\n<h4>Udoskonalony \u2013 genialny zar\u00f3wno w eksploatacji jak i pod wzgl\u0119dem bezpiecze\u0144stwa pracy\u00a0<\/h4>\n<p>W obecnych czasach na ca\u0142ym \u015bwiecie najwy\u017csza wydajno\u015b\u0107 przy minimalnych kosztach osobowych to dla u\u017cytkownik\u00f3w przeno\u015bnik\u00f3w ta\u015bmowych \u00a0absolutna konieczno\u015b\u0107. Z tego powodu niezb\u0119dne s\u0105 skrobaki, kt\u00f3re sa proste i w \u0142atwe w eksploatacji a jednocze\u015bnie oferuj\u0105 wysok\u0105 jako\u015b\u0107 oczyszczania ta\u015bm przeno\u015bnikowych.<\/p>\n<p><strong>HOSCH<\/strong>, rozpoznawalny na ca\u0142ym \u015bwiecie specjalista w bran\u017cy skrobak\u00f3w, podj\u0105\u0142 si\u0119 wyzwania skonstruowania takiego urz\u0105dzenia, i jest nim skrobak typ D2.<\/p>\n<p>[\/et_pb_blurb][\/et_pb_column][\/et_pb_row][\/et_pb_section][et_pb_section fb_built=&#8221;1&#8243; admin_label=&#8221;Services&#8221; _builder_version=&#8221;3.0.106&#8243; background_color=&#8221;#ff7300&#8243; max_width_last_edited=&#8221;on|desktop&#8221; custom_padding=&#8221;33px||29px|&#8221;][et_pb_row use_custom_width=&#8221;on&#8221; width_unit=&#8221;off&#8221; custom_width_percent=&#8221;75%&#8221; _builder_version=&#8221;3.17.6&#8243; module_alignment=&#8221;center&#8221;][et_pb_column type=&#8221;1_2&#8243; _builder_version=&#8221;3.0.47&#8243; parallax=&#8221;off&#8221; parallax_method=&#8221;on&#8221;][et_pb_video src=&#8221;https:\/\/www.hosch-international.com\/wp\/wp-content\/uploads\/2018\/12\/HOSCH-Type-D-2018-001.mp4&#8243; src_webm=&#8221;https:\/\/www.hosch-international.com\/wp\/wp-content\/uploads\/2018\/12\/HOSCH-Type-D-2018-001.webm&#8221; image_src=&#8221;https:\/\/www.hosch-international.com\/wp\/wp-content\/uploads\/2018\/12\/HOSCH-Type-D-2018-001.jpg&#8221; play_icon_color=&#8221;#ff7100&#8243; _builder_version=&#8221;3.17.6&#8243;]<br \/>\n[\/et_pb_video][\/et_pb_column][et_pb_column type=&#8221;1_2&#8243; _builder_version=&#8221;3.0.47&#8243; parallax=&#8221;off&#8221; parallax_method=&#8221;on&#8221;][et_pb_video src=&#8221;https:\/\/www.hosch-international.com\/wp\/wp-content\/uploads\/2018\/12\/HOSCH-Type-D-2018-002.mp4&#8243; src_webm=&#8221;https:\/\/www.hosch-international.com\/wp\/wp-content\/uploads\/2018\/12\/HOSCH-Type-D-2018-002.webm&#8221; image_src=&#8221;https:\/\/www.hosch-international.com\/wp\/wp-content\/uploads\/2018\/12\/HOSCH-Type-D-2018-002.jpg&#8221; play_icon_color=&#8221;#ff7100&#8243; _builder_version=&#8221;3.17.6&#8243;]<br \/>\n[\/et_pb_video][\/et_pb_column][\/et_pb_row][\/et_pb_section][et_pb_section fb_built=&#8221;1&#8243; admin_label=&#8221;Our Projects&#8221; _builder_version=&#8221;3.0.65&#8243; custom_padding=&#8221;45px|0px|10px|0px&#8221;][et_pb_row use_custom_width=&#8221;on&#8221; width_unit=&#8221;off&#8221; custom_width_percent=&#8221;75%&#8221; use_custom_gutter=&#8221;on&#8221; custom_padding=&#8221;1px|0px|51px|0px&#8221; _builder_version=&#8221;3.0.105&#8243;][et_pb_column type=&#8221;4_4&#8243; _builder_version=&#8221;3.0.47&#8243; parallax=&#8221;off&#8221; parallax_method=&#8221;on&#8221;][et_pb_blurb content_max_width=&#8221;1080px&#8221; image_max_width_last_edited=&#8221;off|desktop&#8221; _builder_version=&#8221;3.18.5&#8243; header_text_color=&#8221;#636363&#8243; header_font_size=&#8221;28px&#8221; header_font_size_tablet=&#8221;22px&#8221; header_font_size_phone=&#8221;18px&#8221; header_font_size_last_edited=&#8221;on|phone&#8221; header_letter_spacing_last_edited=&#8221;off|desktop&#8221; header_line_height=&#8221;1.3em&#8221; header_line_height_last_edited=&#8221;on|phone&#8221; body_font=&#8221;|300|||||||&#8221; body_font_size=&#8221;22px&#8221; body_font_size_tablet=&#8221;20px&#8221; body_font_size_phone=&#8221;16px&#8221; body_font_size_last_edited=&#8221;on|desktop&#8221; body_letter_spacing_last_edited=&#8221;off|desktop&#8221; body_line_height=&#8221;1.3em&#8221; body_line_height_tablet=&#8221;1.4em&#8221; body_line_height_last_edited=&#8221;on|desktop&#8221;]<\/p>\n<p>Zwi\u0119kszcie Pa\u0144stwo dzi\u0119ki zastosowaniu skrobaka <span style=\"color: #ff6600;\">HOSCH<\/span> D2 efektywno\u015b\u0107 swojego przeno\u015bnika:<\/p>\n<p><span style=\"font-family: inherit;\"><strong><span style=\"color: #ff6600;\">\/\u00a0<\/span> <\/strong>Zredukujcie Pa\u0144stwo koszty oczyszczania i eksploatacji urz\u0105dze\u0144 a tak\u017ce ograniczcie czas ich przestoj\u00f3w poprzez zastosowanie jedynego w swoim rodzaju skrobaka. Nie trzeba ju\u017c wchodzi\u0107 do przesypu, aby skrobak serwisowa\u0107.<\/span><\/p>\n<p><span style=\"font-family: inherit;\"><strong><span style=\"color: #ff6600;\">\/\u00a0<\/span> <\/strong>Ograniczcie Pa\u0144stwo czas monta\u017cu i konserwacji technicznej skrobaka dzi\u0119ki ekstremalnie prostym zasadom jego obs\u0142ugi.<\/span><\/p>\n<p><span style=\"font-family: inherit;\"><strong><span style=\"color: #ff6600;\">\/\u00a0<\/span> <\/strong>Wyd\u0142u\u017ccie Panstwo czasy mi\u0119dzyoperacyjne obs\u0142ugi technicznej skrobak\u00f3w dzi\u0119ki wyj\u0105tkowo d\u0142ugim czasom zu\u017cycia eksploatacyjnego jego podzespo\u0142\u00f3w.<\/span><\/p>\n<p><span style=\"font-family: inherit;\">Dzi\u0119ki skrobakom typ D2 <span style=\"color: #ff6600;\">HOSCH<\/span> wykona\u0142 kolejny krok w przysz\u0142o\u015b\u0107 technologii oczyszczania ta\u015bm przeno\u015bnikowych.<br \/><\/span><\/p>\n<p>[\/et_pb_blurb][\/et_pb_column][\/et_pb_row][\/et_pb_section][et_pb_section fb_built=&#8221;1&#8243; admin_label=&#8221;Our Projects&#8221; _builder_version=&#8221;3.0.65&#8243; custom_padding=&#8221;0|0px|5px|0px&#8221;][et_pb_row use_custom_width=&#8221;on&#8221; _builder_version=&#8221;3.0.106&#8243;][et_pb_column type=&#8221;4_4&#8243; _builder_version=&#8221;3.0.47&#8243; parallax=&#8221;off&#8221; parallax_method=&#8221;on&#8221;][et_pb_text module_id=&#8221;Typ D&#8221; module_class=&#8221;vergleich&#8221; _builder_version=&#8221;3.18.5&#8243; text_font=&#8221;||||||||&#8221; text_text_color=&#8221;#ff7300&#8243; text_font_size_last_edited=&#8221;on|desktop&#8221; header_font=&#8221;||||||||&#8221; header_text_color=&#8221;#ff7300&#8243; header_5_font=&#8221;||||||||&#8221; custom_margin=&#8221;||0|&#8221;]<\/p>\n<h4>Zestawienie i informacja o produkcie<\/h4>\n<p>[\/et_pb_text][et_pb_code module_id=&#8221;4&#8243; _builder_version=&#8221;3.18.5&#8243; custom_padding=&#8221;|||&#8221;]\t\t\t\t\t\t<div class=\"wpsm-comptable-wrap\">\n\t\t\t\t<table id=\"wpsm-table-16\" class=\"wpsm-comptable  wpsm-comptable-responsive\">\n\t\t\t\t\t\t\t\t\t<thead class=\"wpsm-thead wpsm-thead-orange\">\n\t\t\t\t\t\t<tr>\t\t\t\t\t\t\t\n\t\t\t\t\t\t\t\t\t\t\t\t\t\t\t\t\t\t\t\t\t\t\t\t<th>Dane\/Typ<\/th>\n\t\t\t\t\t\t\t\t\t\n\t\t\t\t\t\t\t\t\n\t\t\t\t\t\t\t\t\t\t\t\t\t\t\t\t\t\t\t\t\t\t\t\t<th>D2<\/th>\n\t\t\t\t\t\t\t\t\t\n\t\t\t\t\t\t\t\t\n\t\t\t\t\t\t\t\t\t\t\t\t\t\t\t\t\t\t\t\t\t\t\t\t<th>D3<\/th>\n\t\t\t\t\t\t\t\t\t\n\t\t\t\t\t\t\t\t\n\t\t\t\t\t\t\t\t\t\t\t\t\t<\/tr>\n\t\t\t\t\t<\/thead>\n\t\t\t\t\t<tbody class=\"wpsm-tbody\">\n\t\t\t\t\t\t\t\t\t\t\t\t\t\t\t\t<tr>\t\t\t\t\t\t\t\t\t\t\t\t\t\t\t<td>\t\t\t\t\t\t\t\t\t\t\t\t\t\t\t\t\t\t\t\t\t\t\t\t\t\tSzeroko\u015b\u0107 ta\u015bmy (mm)\t\t\t\t\t\t\t\t\t\t\t\t\t\t\t\t<\/td>\n\t\t\t\t\t\t\t\t\t\t\t\t\t\t\t\t\t\t\t\t\t\t\t<td>\t\t\t\t\t\t\t\t\t\t\t\t\t\t\t\t\t\t\t\t\t\t\t\t\t\t500 - 1600\t\t\t\t\t\t\t\t\t\t\t\t\t\t\t\t<\/td>\n\t\t\t\t\t\t\t\t\t\t\t\t\t\t\t\t\t\t\t\t\t\t\t<td>\t\t\t\t\t\t\t\t\t\t\t\t\t\t\t\t\t\t\t\t\t\t\t\t\t\t1400 - 2000\t\t\t\t\t\t\t\t\t\t\t\t\t\t\t\t<\/td>\n\t\t\t\t\t\t\t\t\t\t\t\t\t\t\t\t\t\t\t\t\t<\/tr>\n\t\t\t\t\t\t\t\t\t\t\t\t\t\t\t\t<tr>\t\t\t\t\t\t\t\t\t\t\t\t\t\t\t<td>\t\t\t\t\t\t\t\t\t\t\t\t\t\t\t\t\t\t\t\t\t\t\t\t\t\tPr\u0119dko\u015b\u0107 ta\u015bmy (m\/s)\t\t\t\t\t\t\t\t\t\t\t\t\t\t\t\t<\/td>\n\t\t\t\t\t\t\t\t\t\t\t\t\t\t\t\t\t\t\t\t\t\t\t<td>\t\t\t\t\t\t\t\t\t\t\t\t\t\t\t\t\t\t\t\t\t\t\t\t\t\tmax. 4,5\t\t\t\t\t\t\t\t\t\t\t\t\t\t\t\t<\/td>\n\t\t\t\t\t\t\t\t\t\t\t\t\t\t\t\t\t\t\t\t\t\t\t<td>\t\t\t\t\t\t\t\t\t\t\t\t\t\t\t\t\t\t\t\t\t\t\t\t\t\tmax. 5,5\t\t\t\t\t\t\t\t\t\t\t\t\t\t\t\t<\/td>\n\t\t\t\t\t\t\t\t\t\t\t\t\t\t\t\t\t\t\t\t\t<\/tr>\n\t\t\t\t\t\t\t\t\t\t\t\t\t\t\t\t<tr>\t\t\t\t\t\t\t\t\t\t\t\t\t\t\t<td>\t\t\t\t\t\t\t\t\t\t\t\t\t\t\t\t\t\t\t\t\t\t\t\t\t\tRuch rewersyjny: tak, wersja specjalna\t\t\t\t\t\t\t\t\t\t\t\t\t\t\t\t<\/td>\n\t\t\t\t\t\t\t\t\t\t\t\t\t\t\t\t\t\t\t\t\t\t\t<td>\t\t\t\t\t\t\t\t\t\t\t\t\t\t\t\t\t\t\t\t\t\t\t\t\t\t\u221a\t\t\t\t\t\t\t\t\t\t\t\t\t\t\t\t<\/td>\n\t\t\t\t\t\t\t\t\t\t\t\t\t\t\t\t\t\t\t\t\t\t\t<td>\t\t\t\t\t\t\t\t\t\t\t\t\t\t\t\t\t\t\t\t\t\t\t\t\t\t\u221a\t\t\t\t\t\t\t\t\t\t\t\t\t\t\t\t<\/td>\n\t\t\t\t\t\t\t\t\t\t\t\t\t\t\t\t\t\t\t\t\t<\/tr>\n\t\t\t\t\t\t\t\t\t\t<\/tbody>\n\t\t\t\t<\/table>\n\t\t\t<\/div>\n\t\t[\/et_pb_code][et_pb_code _builder_version=&#8221;3.18.5&#8243; max_width=&#8221;1080px&#8221; max_width_last_edited=&#8221;on|desktop&#8221; module_alignment=&#8221;center&#8221;]<\/p>\n<h4 style=\"margin:px 0px 24px 0px;\">Je\u015bli jeste\u015bcie Pa\u0144stwo zainteresowani prosz\u0119 pobra\u0107 dodatkowe dokumenty i skontaktowa\u0107 si\u0119 z nami.<\/h4>\n<p><!-- [et_pb_line_break_holder] --><\/p>\n<form action=\"#\" method=\"get\" target=\"_blank\" id=\"downloadForm\" data-productids=\"502,503\" data-lang=\"PL\"><!-- [et_pb_line_break_holder] -->  <\/p>\n<table><!-- [et_pb_line_break_holder] -->    <\/p>\n<tr><!-- [et_pb_line_break_holder] -->      <\/p>\n<td style=\"padding:12px;text-align:left;width:40%;\">Produkt<\/td>\n<p><!-- [et_pb_line_break_holder] -->      <\/p>\n<td style=\"padding:12px;text-align:left;width:60%;\"><select disabled=\"disabled\" style=\"width:100%;\" id=\"downloadProduct\" name=\"product\"><\/select><\/td>\n<p><!-- [et_pb_line_break_holder] -->    <\/tr>\n<p><!-- [et_pb_line_break_holder] -->    <\/p>\n<tr style=\"background:#ffffff;\">\n<td colspan=\"2\" height=\"6\"><\/td>\n<\/tr>\n<p><!-- [et_pb_line_break_holder] -->    <\/p>\n<tr><!-- [et_pb_line_break_holder] -->      <\/p>\n<td style=\"padding:12px;text-align:left;\">Wersja j\u0119zykowa<\/td>\n<p><!-- [et_pb_line_break_holder] -->      <\/p>\n<td style=\"padding:12px;text-align:left;\"><select disabled=\"disabled\" style=\"width:100%;\" id=\"downloadLanguage\" name=\"language\"><\/select><\/td>\n<p><!-- [et_pb_line_break_holder] -->    <\/tr>\n<p><!-- [et_pb_line_break_holder] -->    <\/p>\n<tr style=\"background:#ffffff;\">\n<td colspan=\"2\" height=\"6\"><\/td>\n<\/tr>\n<p><!-- [et_pb_line_break_holder] -->    <\/p>\n<tr><!-- [et_pb_line_break_holder] -->      <\/p>\n<td style=\"padding:12px;text-align:left;\">Dokument<\/td>\n<p><!-- [et_pb_line_break_holder] -->      <\/p>\n<td style=\"padding:12px;text-align:left;\"><select disabled=\"disabled\" style=\"width:100%;\" id=\"downloadDocument\" name=\"document\"><\/select><\/td>\n<p><!-- [et_pb_line_break_holder] -->    <\/tr>\n<p><!-- [et_pb_line_break_holder] -->    <\/p>\n<tr style=\"background:#ffffff;\">\n<td colspan=\"2\" height=\"6\"><\/td>\n<\/tr>\n<p><!-- [et_pb_line_break_holder] -->    <\/p>\n<tr>\n<td colspan=\"2\" style=\"padding:12px;\"><input disabled=\"disabled\" value=\"Pobierz\" type=\"submit\" id=\"downloadSubmit\" name=\"submit\" \/><\/td>\n<\/tr>\n<p><!-- [et_pb_line_break_holder] -->  <\/table>\n<p><!-- [et_pb_line_break_holder] --><\/form>\n<p><!-- [et_pb_line_break_holder] -->[\/et_pb_code][\/et_pb_column][\/et_pb_row][\/et_pb_section]<\/p>\n","protected":false},"excerpt":{"rendered":"<p>Udoskonalony \u2013 genialny zar\u00f3wno w eksploatacji jak i pod wzgl\u0119dem bezpiecze\u0144stwa pracy\u00a0 W obecnych czasach na ca\u0142ym \u015bwiecie najwy\u017csza wydajno\u015b\u0107 przy minimalnych kosztach osobowych to dla u\u017cytkownik\u00f3w przeno\u015bnik\u00f3w ta\u015bmowych \u00a0absolutna konieczno\u015b\u0107. Z tego powodu niezb\u0119dne s\u0105 skrobaki, kt\u00f3re sa proste i w \u0142atwe w eksploatacji a jednocze\u015bnie oferuj\u0105 wysok\u0105 jako\u015b\u0107 oczyszczania ta\u015bm przeno\u015bnikowych. HOSCH, rozpoznawalny [&hellip;]<\/p>\n","protected":false},"author":12,"featured_media":0,"parent":3208,"menu_order":0,"comment_status":"closed","ping_status":"closed","template":"","meta":{"_et_pb_use_builder":"on","_et_pb_old_content":"","_et_gb_content_width":"","footnotes":""},"class_list":["post-3114","page","type-page","status-publish","hentry"],"_links":{"self":[{"href":"https:\/\/www.hosch-international.com\/wp\/wp-json\/wp\/v2\/pages\/3114","targetHints":{"allow":["GET"]}}],"collection":[{"href":"https:\/\/www.hosch-international.com\/wp\/wp-json\/wp\/v2\/pages"}],"about":[{"href":"https:\/\/www.hosch-international.com\/wp\/wp-json\/wp\/v2\/types\/page"}],"author":[{"embeddable":true,"href":"https:\/\/www.hosch-international.com\/wp\/wp-json\/wp\/v2\/users\/12"}],"replies":[{"embeddable":true,"href":"https:\/\/www.hosch-international.com\/wp\/wp-json\/wp\/v2\/comments?post=3114"}],"version-history":[{"count":25,"href":"https:\/\/www.hosch-international.com\/wp\/wp-json\/wp\/v2\/pages\/3114\/revisions"}],"predecessor-version":[{"id":9768,"href":"https:\/\/www.hosch-international.com\/wp\/wp-json\/wp\/v2\/pages\/3114\/revisions\/9768"}],"up":[{"embeddable":true,"href":"https:\/\/www.hosch-international.com\/wp\/wp-json\/wp\/v2\/pages\/3208"}],"wp:attachment":[{"href":"https:\/\/www.hosch-international.com\/wp\/wp-json\/wp\/v2\/media?parent=3114"}],"curies":[{"name":"wp","href":"https:\/\/api.w.org\/{rel}","templated":true}]}}