{"id":3335,"date":"2018-04-20T15:23:59","date_gmt":"2018-04-20T15:23:59","guid":{"rendered":"https:\/\/www.hosch-international.com\/wp\/?page_id=3335"},"modified":"2025-01-31T12:50:17","modified_gmt":"2025-01-31T11:50:17","slug":"badania-i-rozwoj","status":"publish","type":"page","link":"https:\/\/www.hosch-international.com\/wp\/pl\/o-nas\/badania-i-rozwoj","title":{"rendered":"Badania i rozw\u00f3j"},"content":{"rendered":"<p>[et_pb_section fb_built=&#8221;1&#8243; fullwidth=&#8221;on&#8221; admin_label=&#8221;Page Header&#8221; _builder_version=&#8221;3.0.106&#8243; custom_padding=&#8221;0|0px|0|0px&#8221;][et_pb_fullwidth_header title=&#8221;Badania<br \/>i<br \/>rozw\u00f3j &#8221; text_orientation=&#8221;center&#8221; content_max_width_last_edited=&#8221;on|tablet&#8221; _builder_version=&#8221;3.18.2&#8243; title_text_color=&#8221;#ffffff&#8221; title_font_size=&#8221;60px&#8221; background_color=&#8221;rgba(255, 255, 255, 0)&#8221; use_background_color_gradient=&#8221;on&#8221; background_color_gradient_start=&#8221;rgba(255,255,255,0)&#8221; background_color_gradient_end=&#8221;rgba(58,58,58,0.5)&#8221; background_color_gradient_end_position=&#8221;85%&#8221; background_color_gradient_overlays_image=&#8221;on&#8221; background_image=&#8221;https:\/\/www.hosch-international.com\/wp\/wp-content\/uploads\/2018\/12\/HOSCH-type-C4.jpg&#8221; background_blend=&#8221;multiply&#8221; background_layout=&#8221;light&#8221; max_width_last_edited=&#8221;on|desktop&#8221; custom_margin=&#8221;|||0&#8243; custom_margin_tablet=&#8221;|||0px&#8221; custom_margin_last_edited=&#8221;on|desktop&#8221; custom_padding=&#8221;200px||200px|&#8221; custom_padding_tablet=&#8221;150px||200px|&#8221; custom_padding_phone=&#8221;80px||80px|&#8221; custom_padding_last_edited=&#8221;on|phone&#8221; button_one_text_size__hover_enabled=&#8221;off&#8221; button_one_text_size__hover=&#8221;null&#8221; button_two_text_size__hover_enabled=&#8221;off&#8221; button_two_text_size__hover=&#8221;null&#8221; button_one_text_color__hover_enabled=&#8221;off&#8221; button_one_text_color__hover=&#8221;null&#8221; button_two_text_color__hover_enabled=&#8221;off&#8221; button_two_text_color__hover=&#8221;null&#8221; button_one_border_width__hover_enabled=&#8221;off&#8221; button_one_border_width__hover=&#8221;null&#8221; button_two_border_width__hover_enabled=&#8221;off&#8221; button_two_border_width__hover=&#8221;null&#8221; button_one_border_color__hover_enabled=&#8221;off&#8221; button_one_border_color__hover=&#8221;null&#8221; button_two_border_color__hover_enabled=&#8221;off&#8221; button_two_border_color__hover=&#8221;null&#8221; button_one_border_radius__hover_enabled=&#8221;off&#8221; button_one_border_radius__hover=&#8221;null&#8221; button_two_border_radius__hover_enabled=&#8221;off&#8221; button_two_border_radius__hover=&#8221;null&#8221; button_one_letter_spacing__hover_enabled=&#8221;off&#8221; button_one_letter_spacing__hover=&#8221;null&#8221; button_two_letter_spacing__hover_enabled=&#8221;off&#8221; button_two_letter_spacing__hover=&#8221;null&#8221; button_one_bg_color__hover_enabled=&#8221;off&#8221; button_one_bg_color__hover=&#8221;null&#8221; button_two_bg_color__hover_enabled=&#8221;off&#8221; button_two_bg_color__hover=&#8221;null&#8221;][\/et_pb_fullwidth_header][\/et_pb_section][et_pb_section fb_built=&#8221;1&#8243; admin_label=&#8221;Pricing&#8221; _builder_version=&#8221;3.0.106&#8243; background_color=&#8221;rgba(255,255,255,0.24)&#8221; custom_padding=&#8221;36px|0px|71px|0px&#8221;][et_pb_row use_custom_width=&#8221;on&#8221; width_unit=&#8221;off&#8221; custom_width_percent=&#8221;75%&#8221; use_custom_gutter=&#8221;on&#8221; custom_padding=&#8221;1px|0px|6px|0px&#8221; _builder_version=&#8221;3.0.106&#8243;][et_pb_column type=&#8221;1_2&#8243; _builder_version=&#8221;3.0.47&#8243; parallax=&#8221;off&#8221; parallax_method=&#8221;on&#8221;][et_pb_image src=&#8221;https:\/\/www.hosch-international.com\/wp\/wp-content\/uploads\/2018\/03\/header-Philosohie.png&#8221; _builder_version=&#8221;3.0.106&#8243;]<br \/>\n[\/et_pb_image][et_pb_video src=&#8221;https:\/\/www.hosch-international.com\/wp\/wp-content\/uploads\/2018\/03\/FEM-simulation.mp4&#8243; image_src=&#8221;https:\/\/www.hosch-international.com\/wp\/wp-content\/uploads\/2018\/03\/screen-forschung-v-simu.png&#8221; play_icon_color=&#8221;#ff7300&#8243; _builder_version=&#8221;3.0.106&#8243; max_width_last_edited=&#8221;on|desktop&#8221;]<br \/>\n[\/et_pb_video][et_pb_text _builder_version=&#8221;3.18.5&#8243;]<\/p>\n<p>Metoda element\u00f3w sko\u0144czonych (FEM)<\/p>\n<p>[\/et_pb_text][\/et_pb_column][et_pb_column type=&#8221;1_2&#8243; _builder_version=&#8221;3.0.47&#8243; parallax=&#8221;off&#8221; parallax_method=&#8221;on&#8221;][et_pb_blurb title=&#8221;\u017badnych przestoj\u00f3w w wykuwaniu idei&#8221; image_max_width=&#8221;75%&#8221; content_max_width=&#8221;1080px&#8221; image_max_width_last_edited=&#8221;off|desktop&#8221; _builder_version=&#8221;3.18.5&#8243; header_level=&#8221;h3&#8243; header_font=&#8221;||||||||&#8221; header_text_color=&#8221;#636363&#8243; header_font_size_last_edited=&#8221;off|desktop&#8221; header_letter_spacing_last_edited=&#8221;off|desktop&#8221; header_line_height=&#8221;1.3em&#8221; body_font=&#8221;|300|||||||&#8221; body_font_size=&#8221;22px&#8221; body_font_size_phone=&#8221;19px&#8221; body_font_size_last_edited=&#8221;on|desktop&#8221; body_letter_spacing_last_edited=&#8221;off|desktop&#8221; body_line_height=&#8221;1.3em&#8221;]<span style=\"color: #ff6600;\">HOSCH<\/span>, aby spe\u0142ni\u0107 wymagania zwi\u0105zane z poczuciem bycia \u015bwiatowym liderem,  rozwin\u0105\u0142 szerokozakrojone programy badawczo-rozwojowe. Z tego powodu w centrali Firmy pracuje w spos\u00f3b ci\u0105g\u0142y minimum 4-osobowa grupa badawczo-rozwojowa. Nasi in\u017cynierzy przy wykorzystaniu najnowszych metod symulacyjno-obliczeniowych opracowuj\u0105 nowe urz\u0105dzenia i pracuj\u0105 nad ulepszeniem produkt\u00f3w istniej\u0105cych.<\/p>\n<p>W laboratoriach <span style=\"color: #ff6600;\">HOSCH<\/span> pozostaj\u0105 do dyspozycji 2 testowe przeno\u015bniki, na kt\u00f3rych mo\u017cna sprawdzi\u0107 symuluj\u0105c najtrudniejsze warunki eksploatacji  wszystkie nowe rozwi\u0105zania. Pomaga w tym dost\u0119p do szybkostrzelnej kamery najnowszej generacji, pomagaj\u0105cej ca\u0142o\u015bciowo zarejestrowa\u0107  zjawiska zachodz\u0105ce pomi\u0119dzy skrobakiem a ta\u015bm\u0105 a potem je zoptymalizowa\u0107.<\/p>\n<p>Czy chc\u0105 Pa\u0144stwo ulepszy\u0107 funkcjonowanie swoich urz\u0105dze\u0144 dzi\u0119ki analizie szybkostrzeln\u0105 kamer\u0105? Prosz\u0119 bardzo, ch\u0119tnie pomo\u017cemy!<br \/>\n[\/et_pb_blurb][\/et_pb_column][\/et_pb_row][\/et_pb_section]<\/p>\n","protected":false},"excerpt":{"rendered":"<p>Metoda element\u00f3w sko\u0144czonych (FEM) HOSCH, aby spe\u0142ni\u0107 wymagania zwi\u0105zane z poczuciem bycia \u015bwiatowym liderem, rozwin\u0105\u0142 szerokozakrojone programy badawczo-rozwojowe. Z tego powodu w centrali Firmy pracuje w spos\u00f3b ci\u0105g\u0142y minimum 4-osobowa grupa badawczo-rozwojowa. Nasi in\u017cynierzy przy wykorzystaniu najnowszych metod symulacyjno-obliczeniowych opracowuj\u0105 nowe urz\u0105dzenia i pracuj\u0105 nad ulepszeniem produkt\u00f3w istniej\u0105cych. W laboratoriach HOSCH pozostaj\u0105 do dyspozycji 2 [&hellip;]<\/p>\n","protected":false},"author":12,"featured_media":0,"parent":3319,"menu_order":0,"comment_status":"closed","ping_status":"closed","template":"","meta":{"_et_pb_use_builder":"on","_et_pb_old_content":"","_et_gb_content_width":"","footnotes":""},"class_list":["post-3335","page","type-page","status-publish","hentry"],"_links":{"self":[{"href":"https:\/\/www.hosch-international.com\/wp\/wp-json\/wp\/v2\/pages\/3335","targetHints":{"allow":["GET"]}}],"collection":[{"href":"https:\/\/www.hosch-international.com\/wp\/wp-json\/wp\/v2\/pages"}],"about":[{"href":"https:\/\/www.hosch-international.com\/wp\/wp-json\/wp\/v2\/types\/page"}],"author":[{"embeddable":true,"href":"https:\/\/www.hosch-international.com\/wp\/wp-json\/wp\/v2\/users\/12"}],"replies":[{"embeddable":true,"href":"https:\/\/www.hosch-international.com\/wp\/wp-json\/wp\/v2\/comments?post=3335"}],"version-history":[{"count":10,"href":"https:\/\/www.hosch-international.com\/wp\/wp-json\/wp\/v2\/pages\/3335\/revisions"}],"predecessor-version":[{"id":9748,"href":"https:\/\/www.hosch-international.com\/wp\/wp-json\/wp\/v2\/pages\/3335\/revisions\/9748"}],"up":[{"embeddable":true,"href":"https:\/\/www.hosch-international.com\/wp\/wp-json\/wp\/v2\/pages\/3319"}],"wp:attachment":[{"href":"https:\/\/www.hosch-international.com\/wp\/wp-json\/wp\/v2\/media?parent=3335"}],"curies":[{"name":"wp","href":"https:\/\/api.w.org\/{rel}","templated":true}]}}