{"id":5258,"date":"2018-05-15T12:21:34","date_gmt":"2018-05-15T12:21:34","guid":{"rendered":"https:\/\/www.hosch-international.com\/wp\/?page_id=5258"},"modified":"2026-04-02T13:33:23","modified_gmt":"2026-04-02T12:33:23","slug":"impressum-nl","status":"publish","type":"page","link":"https:\/\/www.hosch-international.com\/wp\/nl\/impressum-nl","title":{"rendered":"Impressum nl"},"content":{"rendered":"<p>[et_pb_section fb_built=&#8221;1&#8243; admin_label=&#8221;section&#8221; _builder_version=&#8221;4.16&#8243; global_colors_info=&#8221;{}&#8221;][et_pb_row admin_label=&#8221;row&#8221; _builder_version=&#8221;4.16&#8243; background_size=&#8221;initial&#8221; background_position=&#8221;top_left&#8221; background_repeat=&#8221;repeat&#8221; custom_padding=&#8221;1px|0px|0px|0px&#8221; global_colors_info=&#8221;{}&#8221;][et_pb_column type=&#8221;4_4&#8243; _builder_version=&#8221;4.16&#8243; custom_padding=&#8221;|||&#8221; global_colors_info=&#8221;{}&#8221; custom_padding__hover=&#8221;|||&#8221;][et_pb_text _builder_version=&#8221;4.16&#8243; text_font=&#8221;||||||||&#8221; header_font=&#8221;||||||||&#8221; header_text_align=&#8221;left&#8221; background_size=&#8221;initial&#8221; background_position=&#8221;top_left&#8221; background_repeat=&#8221;repeat&#8221; custom_margin=&#8221;||-30px|&#8221; global_colors_info=&#8221;{}&#8221;]<\/p>\n<h1>Legal notice<\/h1>\n<p>[\/et_pb_text][et_pb_text _builder_version=&#8221;4.16&#8243; text_font=&#8221;||||||||&#8221; header_font=&#8221;||||||||&#8221; background_size=&#8221;initial&#8221; background_position=&#8221;top_left&#8221; background_repeat=&#8221;repeat&#8221; global_colors_info=&#8221;{}&#8221;][\/et_pb_text][et_pb_text _builder_version=&#8221;4.16&#8243; text_font=&#8221;|300|||||||&#8221; header_font=&#8221;|300|||||||&#8221; background_size=&#8221;initial&#8221; background_position=&#8221;top_left&#8221; background_repeat=&#8221;repeat&#8221; global_colors_info=&#8221;{}&#8221;][\/et_pb_text][\/et_pb_column][\/et_pb_row][et_pb_row column_structure=&#8221;1_2,1_2&#8243; admin_label=&#8221;row&#8221; _builder_version=&#8221;4.16&#8243; background_size=&#8221;initial&#8221; background_position=&#8221;top_left&#8221; background_repeat=&#8221;repeat&#8221; custom_padding=&#8221;0px|0px|0px|0px&#8221; global_colors_info=&#8221;{}&#8221;][et_pb_column type=&#8221;1_2&#8243; _builder_version=&#8221;4.16&#8243; custom_padding=&#8221;|||&#8221; global_colors_info=&#8221;{}&#8221; custom_padding__hover=&#8221;|||&#8221;][et_pb_text _builder_version=&#8221;4.16&#8243; text_font=&#8221;|300|||||||&#8221; background_size=&#8221;initial&#8221; background_position=&#8221;top_left&#8221; background_repeat=&#8221;repeat&#8221; global_colors_info=&#8221;{}&#8221;]<\/p>\n<p><span style=\"color: #ff6600; font-family: inherit; font-weight: normal;\">Informatie volgens \u00a7 5 TMG (Duitse telecommunicatiewet)<\/span><br \/>HOSCH F\u00f6rdertechnik Recklinghausen GmbH<br \/>Am Stadion 36<br \/>45659 Recklinghausen<br \/>Duitsland<\/p>\n<p><span style=\"color: #ff6600; font-family: inherit; font-weight: normal;\">Vertegenwoordigd door<\/span><br \/>Directeurs:<br \/>Cornelia Kill-Frech<br \/>Dirk Heidhues<br \/>Ansgar Frieling<\/p>\n<p><span style=\"color: #ff6600; font-family: inherit; font-weight: normal;\">Contact<\/span><br \/>Tel.: +49 2361 5898 0<br \/>Fax.: +49 2361 5898 40<br \/><span style=\"font-family: inherit; font-weight: normal;\"><a href=\"mailto:mail@hosch.de\">mail@hosch.de<\/a><\/span><br \/><span style=\"font-family: inherit; font-weight: normal;\"><a href=\"http:\/\/www.hosch-international.com\">www.hosch-international.com<\/a><\/span><\/p>\n<p><span style=\"color: #ff6600; font-family: inherit; font-weight: normal;\">Verantwoordelijk voor de inhoud<\/span><br \/>HOSCH F\u00f6rdertechnik Recklinghausen GmbH<\/p>\n<p>[\/et_pb_text][\/et_pb_column][et_pb_column type=&#8221;1_2&#8243; _builder_version=&#8221;4.16&#8243; custom_padding=&#8221;|||&#8221; global_colors_info=&#8221;{}&#8221; custom_padding__hover=&#8221;|||&#8221;][et_pb_text _builder_version=&#8221;4.16&#8243; text_font=&#8221;|300|||||||&#8221; header_font=&#8221;||||||||&#8221; background_size=&#8221;initial&#8221; background_position=&#8221;top_left&#8221; background_repeat=&#8221;repeat&#8221; global_colors_info=&#8221;{}&#8221;]<\/p>\n<p><span style=\"color: #ff6600; font-family: inherit; font-weight: normal;\">Registerinschrijving<\/span><br \/> Inschrijving in het handelsregister.<br \/> Rechtbank van inschrijving: Amtsgericht Recklinghausen<br \/> Registernummer: HRB 4094<\/p>\n<p><span style=\"color: #ff6600; font-family: inherit; font-weight: normal;\">Btw<\/span><br \/> Btw-nummer volgens \u00a727 a van de Duitse btw-wet:<br \/> DE199802273<\/p>\n<p><span style=\"color: #ff6600; font-family: inherit; font-weight: normal;\">Geschillenbeslechting<\/span><br \/> De Europese Commissie stelt een platform voor onlinegeschillenbeslechting (ODR) ter beschikking:<br \/> <span style=\"font-family: inherit; font-weight: normal;\"><a href=\"https:\/\/ec.europa.eu\/consumers\/odr\">https:\/\/ec.europa.eu\/consumers\/odr<\/a><\/span><br \/>\nOns e-mailadres vindt u bovenaan in het impressum.<\/p>\n<p>Wij zijn niet bereid en ook niet verplicht om deel te nemen aan een alternatieve beslechting van consumentengeschillen voor een bemiddelingsinstantie.<\/p>\n<p>[\/et_pb_text][\/et_pb_column][\/et_pb_row][et_pb_row _builder_version=&#8221;4.16&#8243; custom_padding=&#8221;0|0px|16.6167px|0px|false|false&#8221; global_colors_info=&#8221;{}&#8221;][et_pb_column type=&#8221;4_4&#8243; _builder_version=&#8221;4.16&#8243; custom_padding=&#8221;|||&#8221; global_colors_info=&#8221;{}&#8221; custom_padding__hover=&#8221;|||&#8221;][et_pb_divider color=&#8221;#ff7300&#8243; _builder_version=&#8221;4.16&#8243; custom_margin=&#8221;35px|||&#8221; custom_margin_tablet=&#8221;10px|||&#8221; custom_margin_phone=&#8221;&#8221; custom_margin_last_edited=&#8221;on|desktop&#8221; global_colors_info=&#8221;{}&#8221;][\/et_pb_divider][\/et_pb_column][\/et_pb_row][et_pb_row column_structure=&#8221;1_2,1_2&#8243; admin_label=&#8221;row&#8221; _builder_version=&#8221;4.16&#8243; background_size=&#8221;initial&#8221; background_position=&#8221;top_left&#8221; background_repeat=&#8221;repeat&#8221; custom_padding=&#8221;0px|0px|0px|0px&#8221; global_colors_info=&#8221;{}&#8221;][et_pb_column type=&#8221;1_2&#8243; _builder_version=&#8221;4.16&#8243; custom_padding=&#8221;|||&#8221; global_colors_info=&#8221;{}&#8221; custom_padding__hover=&#8221;|||&#8221;][et_pb_text _builder_version=&#8221;4.16&#8243; text_font=&#8221;|300|||||||&#8221; header_font=&#8221;||||||||&#8221; background_size=&#8221;initial&#8221; background_position=&#8221;top_left&#8221; background_repeat=&#8221;repeat&#8221; global_colors_info=&#8221;{}&#8221;]<\/p>\n<p><span style=\"color: #ff6600; font-family: inherit; font-weight: normal;\">Aansprakelijkheid voor inhoud<\/span><br \/> Als dienstenaanbieder zijn wij volgens \u00a7 7 lid 1 van de Duitse telecommunicatiewet (TMG) in overeenstemming met de algemene wetten verantwoordelijk voor de eigen inhoud op deze webpagina\u2019s. Volgens \u00a7\u00a7 8 tot 10 TMG zijn wij als dienstenaanbieder echter niet verplicht om doorgegeven of opgeslagen informatie van derden te controleren of te onderzoeken op omstandigheden die op een illegale activiteit wijzen.<\/p>\n<p>Verplichtingen tot het verwijderen of blokkeren van het gebruik van informatie volgens de algemene wetten worden hier niet door aangetast. Een dienaangaande aansprakelijkheid is echter pas mogelijk vanaf het tijdstip waarop er kennis is van een concrete schending van het recht. Bij bekendwording van desbetreffende schendingen van het recht zullen wij deze inhoud direct verwijderen.<\/p>\n<p><span style=\"color: #ff6600; font-family: inherit; font-weight: normal;\">Aansprakelijkheid voor links<\/span><br \/> Ons aanbod bevat links naar externe websites van derden, op de inhoud waarvan wij geen invloed hebben. Daarom kunnen wij voor deze externe inhoud ook geen garanties geven. Voor de inhoud van gelinkte pagina\u2019s is altijd de betreffende aanbieder of beheerder van die pagina\u2019s verantwoordelijk. De gelinkte pagina\u2019s zijn op het ogenblik dat de links werden geplaatst, gecontroleerd op mogelijke schendingen van het recht. Op het ogenblik dat de links werden geplaatst, kon geen illegale inhoud worden vastgesteld.<\/p>\n<p>Een permanente inhoudelijke controle van de gelinkte pagina\u2019s is zonder concrete aanwijzingen van een schending van het recht echter niet redelijk. Bij bekendwording van schendingen van het recht zullen wij de betreffende links direct verwijderen.<\/p>\n<p>[\/et_pb_text][\/et_pb_column][et_pb_column type=&#8221;1_2&#8243; _builder_version=&#8221;4.16&#8243; custom_padding=&#8221;|||&#8221; global_colors_info=&#8221;{}&#8221; custom_padding__hover=&#8221;|||&#8221;][et_pb_text _builder_version=&#8221;4.16&#8243; text_font=&#8221;|300|||||||&#8221; header_font=&#8221;||||||||&#8221; background_size=&#8221;initial&#8221; background_position=&#8221;top_left&#8221; background_repeat=&#8221;repeat&#8221; global_colors_info=&#8221;{}&#8221;]<span style=\"color: #ff6600; font-family: inherit; font-weight: normal;\">Auteursrecht<\/span><br \/>\nDe door de websitebeheerders aangemaakte inhoud en werken op deze pagina\u2019s vallen onder het Duitse auteursrecht. De verveelvoudiging, bewerking, verspreiding en elke vorm van gebruik buiten de grenzen van het auteursrecht zijn alleen toegestaan met de schriftelijke toestemming van de betreffende auteur of opsteller. Downloads en kopie\u00ebn van deze website zijn alleen toegestaan voor priv\u00e9gebruik, niet voor commerci\u00eble doeleinden.<\/p>\n<p>Voor zover de inhoud op deze website niet door de beheerder zelf is aangemaakt, worden de auteursrechten van derden in acht genomen. Hierbij wordt de inhoud van derden met name als zodanig gemarkeerd. Mocht u toch een schending van auteursrechten opvallen, verzoeken wij u ons hier attent op te maken. Bij de bekendwording van schendingen van rechten zullen wij de betreffende inhoud direct verwijderen.<br \/>\n[\/et_pb_text][\/et_pb_column][\/et_pb_row][et_pb_row _builder_version=&#8221;4.16&#8243; custom_padding=&#8221;0|0px|16.6167px|0px|false|false&#8221; global_colors_info=&#8221;{}&#8221;][et_pb_column type=&#8221;4_4&#8243; _builder_version=&#8221;4.16&#8243; custom_padding=&#8221;|||&#8221; global_colors_info=&#8221;{}&#8221; custom_padding__hover=&#8221;|||&#8221;][et_pb_divider color=&#8221;#ff7300&#8243; _builder_version=&#8221;4.16&#8243; custom_margin=&#8221;35px|||&#8221; custom_margin_tablet=&#8221;10px|||&#8221; custom_margin_phone=&#8221;&#8221; custom_margin_last_edited=&#8221;on|desktop&#8221; global_colors_info=&#8221;{}&#8221;][\/et_pb_divider][\/et_pb_column][\/et_pb_row][et_pb_row column_structure=&#8221;1_5,1_5,1_5,1_5,1_5&#8243; _builder_version=&#8221;4.16&#8243; custom_padding=&#8221;0|0px|16.6167px|0px|false|false&#8221; global_colors_info=&#8221;{}&#8221;][et_pb_column type=&#8221;1_5&#8243; _builder_version=&#8221;4.16&#8243; custom_padding=&#8221;|||&#8221; global_colors_info=&#8221;{}&#8221; custom_padding__hover=&#8221;|||&#8221;][et_pb_text _builder_version=&#8221;4.16&#8243; text_font=&#8221;|300|||||||&#8221; text_text_color=&#8221;#636363&#8243; global_colors_info=&#8221;{}&#8221;]Liefer-, Leistungs- und Zahlungsbedingungen<br \/>\n[\/et_pb_text][\/et_pb_column][et_pb_column type=&#8221;1_5&#8243; _builder_version=&#8221;4.16&#8243; custom_padding=&#8221;|||&#8221; global_colors_info=&#8221;{}&#8221; custom_padding__hover=&#8221;|||&#8221;][et_pb_text _builder_version=&#8221;4.16&#8243; text_font=&#8221;|300|||||||&#8221; text_text_color=&#8221;#636363&#8243; global_colors_info=&#8221;{}&#8221;]Einkaufsbedingungen<br \/>\n[\/et_pb_text][\/et_pb_column][et_pb_column type=&#8221;1_5&#8243; _builder_version=&#8221;4.16&#8243; custom_padding=&#8221;|||&#8221; global_colors_info=&#8221;{}&#8221; custom_padding__hover=&#8221;|||&#8221;][et_pb_text _builder_version=&#8221;4.16&#8243; text_font=&#8221;|300|||||||&#8221; global_colors_info=&#8221;{}&#8221;]Delivery, Service and Payment Terms and Conditions<br \/>\n[\/et_pb_text][\/et_pb_column][et_pb_column type=&#8221;1_5&#8243; _builder_version=&#8221;4.16&#8243; custom_padding=&#8221;|||&#8221; global_colors_info=&#8221;{}&#8221; custom_padding__hover=&#8221;|||&#8221;][et_pb_text _builder_version=&#8221;4.16&#8243; text_font=&#8221;|300|||||||&#8221; global_colors_info=&#8221;{}&#8221;]Terms and Conditions of Purchase<br \/>\n[\/et_pb_text][\/et_pb_column][et_pb_column type=&#8221;1_5&#8243; _builder_version=&#8221;4.27.5&#8243; _module_preset=&#8221;default&#8221; global_colors_info=&#8221;{}&#8221;][et_pb_text _builder_version=&#8221;4.16&#8243; text_font=&#8221;|300|||||||&#8221; global_colors_info=&#8221;{}&#8221;]<\/p>\n<p>Terms and Conditions Digital Services<\/p>\n<p>[\/et_pb_text][\/et_pb_column][\/et_pb_row][et_pb_row column_structure=&#8221;1_5,1_5,1_5,1_5,1_5&#8243; _builder_version=&#8221;4.16&#8243; background_size=&#8221;initial&#8221; background_position=&#8221;top_left&#8221; background_repeat=&#8221;repeat&#8221; global_colors_info=&#8221;{}&#8221;][et_pb_column type=&#8221;1_5&#8243; _builder_version=&#8221;4.16&#8243; custom_padding=&#8221;|||&#8221; global_colors_info=&#8221;{}&#8221; custom_padding__hover=&#8221;|||&#8221;][et_pb_text _builder_version=&#8221;4.16&#8243; text_font=&#8221;|300|||||||&#8221; global_colors_info=&#8221;{}&#8221;]<a href=\"https:\/\/www.hosch-international.com\/wp\/wp-content\/uploads\/pdf\/Liefer-Leistungs-und-Zahlungsbedingungen.pdf\" target=\"_blank\" rel=\"noopener noreferrer\">PDF Download<\/a><br \/>\n[\/et_pb_text][\/et_pb_column][et_pb_column type=&#8221;1_5&#8243; _builder_version=&#8221;4.27.5&#8243; _module_preset=&#8221;default&#8221; global_colors_info=&#8221;{}&#8221;][et_pb_text _builder_version=&#8221;4.16&#8243; text_font=&#8221;|300|||||||&#8221; global_colors_info=&#8221;{}&#8221;]<a href=\"https:\/\/www.hosch-international.com\/wp\/wp-content\/uploads\/pdf\/Einkaufsbedingungen.pdf\" target=\"_blank\" rel=\"noopener noreferrer\">PDF Download<\/a><br \/>\n[\/et_pb_text][\/et_pb_column][et_pb_column type=&#8221;1_5&#8243; _builder_version=&#8221;4.16&#8243; custom_padding=&#8221;|||&#8221; global_colors_info=&#8221;{}&#8221; custom_padding__hover=&#8221;|||&#8221;][et_pb_text _builder_version=&#8221;4.16&#8243; text_font=&#8221;|300|||||||&#8221; global_colors_info=&#8221;{}&#8221;]<a href=\"https:\/\/www.hosch-international.com\/wp\/wp-content\/uploads\/pdf\/Delivery-Service-and-Payment-Terms-and-Conditions.pdf\" target=\"_blank\" rel=\"noopener noreferrer\">PDF Download<\/a><br \/>\n[\/et_pb_text][\/et_pb_column][et_pb_column type=&#8221;1_5&#8243; _builder_version=&#8221;4.16&#8243; custom_padding=&#8221;|||&#8221; global_colors_info=&#8221;{}&#8221; custom_padding__hover=&#8221;|||&#8221;][et_pb_text _builder_version=&#8221;4.16&#8243; text_font=&#8221;|300|||||||&#8221; global_colors_info=&#8221;{}&#8221;]<a href=\"https:\/\/www.hosch-international.com\/wp\/wp-content\/uploads\/pdf\/Terms-and-Conditions-of-Purchase.pdf\" target=\"_blank\" rel=\"noopener noreferrer\">PDF Download<\/a><br \/>\n[\/et_pb_text][\/et_pb_column][et_pb_column type=&#8221;1_5&#8243; _builder_version=&#8221;4.16&#8243; custom_padding=&#8221;|||&#8221; global_colors_info=&#8221;{}&#8221; custom_padding__hover=&#8221;|||&#8221;][et_pb_text _builder_version=&#8221;4.27.5&#8243; text_font=&#8221;|300|||||||&#8221; hover_enabled=&#8221;0&#8243; global_colors_info=&#8221;{}&#8221; sticky_enabled=&#8221;0&#8243;]<a href=\"https:\/\/www.hosch-international.com\/wp\/wp-content\/uploads\/pdf\/Terms-and-Conditions-Digital-Services-DE-EN.pdf\" target=\"_blank\" rel=\"noopener noreferrer\">PDF Download<\/a>[\/et_pb_text][\/et_pb_column][\/et_pb_row][et_pb_row _builder_version=&#8221;4.16&#8243; background_size=&#8221;initial&#8221; background_position=&#8221;top_left&#8221; background_repeat=&#8221;repeat&#8221; global_colors_info=&#8221;{}&#8221;][et_pb_column type=&#8221;4_4&#8243; _builder_version=&#8221;4.16&#8243; custom_padding=&#8221;|||&#8221; global_colors_info=&#8221;{}&#8221; custom_padding__hover=&#8221;|||&#8221;][et_pb_divider color=&#8221;#ff7300&#8243; _builder_version=&#8221;4.16&#8243; custom_margin=&#8221;35px|||&#8221; custom_margin_tablet=&#8221;10px|||&#8221; custom_margin_phone=&#8221;&#8221; custom_margin_last_edited=&#8221;on|desktop&#8221; global_colors_info=&#8221;{}&#8221;]<br \/>\n[\/et_pb_divider][\/et_pb_column][\/et_pb_row][et_pb_row column_structure=&#8221;1_4,1_4,1_4,1_4&#8243; _builder_version=&#8221;4.16&#8243; background_size=&#8221;initial&#8221; background_position=&#8221;top_left&#8221; background_repeat=&#8221;repeat&#8221; global_colors_info=&#8221;{}&#8221;][et_pb_column type=&#8221;1_4&#8243; _builder_version=&#8221;4.16&#8243; custom_padding=&#8221;|||&#8221; global_colors_info=&#8221;{}&#8221; custom_padding__hover=&#8221;|||&#8221;][et_pb_text _builder_version=&#8221;4.16&#8243; text_font=&#8221;|300|||||||&#8221; global_colors_info=&#8221;{}&#8221;]<\/p>\n<p>ISO 9001 : 2015<br \/>Zertifikat &#8211; Qualit\u00e4tsmanagementsystem<\/p>\n<p>[\/et_pb_text][\/et_pb_column][et_pb_column type=&#8221;1_4&#8243; _builder_version=&#8221;4.16&#8243; custom_padding=&#8221;|||&#8221; global_colors_info=&#8221;{}&#8221; custom_padding__hover=&#8221;|||&#8221;][et_pb_text _builder_version=&#8221;4.16&#8243; text_font=&#8221;|300|||||||&#8221; global_colors_info=&#8221;{}&#8221;]<\/p>\n<p>ISO 45001 : 2018<br \/>Zertifikat &#8211; Arbeits- und Gesundheitsschutz-Managementsystem<\/p>\n<p>[\/et_pb_text][\/et_pb_column][et_pb_column type=&#8221;1_4&#8243; _builder_version=&#8221;4.16&#8243; custom_padding=&#8221;|||&#8221; global_colors_info=&#8221;{}&#8221; custom_padding__hover=&#8221;|||&#8221;][et_pb_text _builder_version=&#8221;4.16&#8243; text_font=&#8221;|300|||||||&#8221; global_colors_info=&#8221;{}&#8221;]<\/p>\n<p>ISO 9001 : 2015<br \/>Certificate &#8211; Quality Management System<\/p>\n<p>[\/et_pb_text][\/et_pb_column][et_pb_column type=&#8221;1_4&#8243; _builder_version=&#8221;4.16&#8243; custom_padding=&#8221;|||&#8221; global_colors_info=&#8221;{}&#8221; custom_padding__hover=&#8221;|||&#8221;][et_pb_text _builder_version=&#8221;4.16&#8243; text_font=&#8221;|300|||||||&#8221; global_colors_info=&#8221;{}&#8221;]<\/p>\n<p>ISO 45001 : 2018<br \/>Certificate &#8211; Occupational Health and Safety Management System<\/p>\n<p>[\/et_pb_text][\/et_pb_column][\/et_pb_row][et_pb_row column_structure=&#8221;1_4,1_4,1_4,1_4&#8243; _builder_version=&#8221;4.16&#8243; background_size=&#8221;initial&#8221; background_position=&#8221;top_left&#8221; background_repeat=&#8221;repeat&#8221; global_colors_info=&#8221;{}&#8221;][et_pb_column type=&#8221;1_4&#8243; _builder_version=&#8221;4.16&#8243; custom_padding=&#8221;|||&#8221; global_colors_info=&#8221;{}&#8221; custom_padding__hover=&#8221;|||&#8221;][et_pb_text _builder_version=&#8221;4.16&#8243; text_font=&#8221;|300|||||||&#8221; global_colors_info=&#8221;{}&#8221;]<a href=\"https:\/\/www.hosch-international.com\/wp\/wp-content\/uploads\/pdf\/9001_QM_german.pdf\" target=\"_blank\" rel=\"noopener noreferrer\">PDF Download<\/a>[\/et_pb_text][\/et_pb_column][et_pb_column type=&#8221;1_4&#8243; _builder_version=&#8221;4.16&#8243; custom_padding=&#8221;|||&#8221; global_colors_info=&#8221;{}&#8221; custom_padding__hover=&#8221;|||&#8221;][et_pb_text _builder_version=&#8221;4.16&#8243; text_font=&#8221;|300|||||||&#8221; global_colors_info=&#8221;{}&#8221;]<a href=\"https:\/\/www.hosch-international.com\/wp\/wp-content\/uploads\/pdf\/45001_OHS_german.pdf\" target=\"_blank\" rel=\"noopener noreferrer\">PDF Download<\/a>[\/et_pb_text][\/et_pb_column][et_pb_column type=&#8221;1_4&#8243; _builder_version=&#8221;4.16&#8243; custom_padding=&#8221;|||&#8221; global_colors_info=&#8221;{}&#8221; custom_padding__hover=&#8221;|||&#8221;][et_pb_text _builder_version=&#8221;4.16&#8243; text_font=&#8221;|300|||||||&#8221; global_colors_info=&#8221;{}&#8221;]<a href=\"https:\/\/www.hosch-international.com\/wp\/wp-content\/uploads\/pdf\/9001_QM_english.pdf\" target=\"_blank\" rel=\"noopener noreferrer\">PDF Download<\/a>[\/et_pb_text][\/et_pb_column][et_pb_column type=&#8221;1_4&#8243; _builder_version=&#8221;4.16&#8243; custom_padding=&#8221;|||&#8221; global_colors_info=&#8221;{}&#8221; custom_padding__hover=&#8221;|||&#8221;][et_pb_text _builder_version=&#8221;4.16&#8243; text_font=&#8221;|300|||||||&#8221; global_colors_info=&#8221;{}&#8221;]<a href=\"https:\/\/www.hosch-international.com\/wp\/wp-content\/uploads\/pdf\/45001_OHS_english.pdf\" target=\"_blank\" rel=\"noopener noreferrer\">PDF Download<\/a>[\/et_pb_text][\/et_pb_column][\/et_pb_row][et_pb_row column_structure=&#8221;1_4,1_4,1_4,1_4&#8243; _builder_version=&#8221;4.16&#8243; background_size=&#8221;initial&#8221; background_position=&#8221;top_left&#8221; background_repeat=&#8221;repeat&#8221; global_colors_info=&#8221;{}&#8221;][et_pb_column type=&#8221;1_4&#8243; _builder_version=&#8221;4.16&#8243; custom_padding=&#8221;|||&#8221; global_colors_info=&#8221;{}&#8221; custom_padding__hover=&#8221;|||&#8221;][et_pb_text _builder_version=&#8221;4.16&#8243; text_font=&#8221;|300|||||||&#8221; global_colors_info=&#8221;{}&#8221;]<\/p>\n<p>SCC<br \/>Zertifikat &#8211; Sicherheits-, Gesundheit- und Umweltschutz Managementsystem<\/p>\n<p>[\/et_pb_text][\/et_pb_column][et_pb_column type=&#8221;1_4&#8243; _builder_version=&#8221;4.16&#8243; custom_padding=&#8221;|||&#8221; global_colors_info=&#8221;{}&#8221; custom_padding__hover=&#8221;|||&#8221;][\/et_pb_column][et_pb_column type=&#8221;1_4&#8243; _builder_version=&#8221;4.16&#8243; custom_padding=&#8221;|||&#8221; global_colors_info=&#8221;{}&#8221; custom_padding__hover=&#8221;|||&#8221;][et_pb_text _builder_version=&#8221;4.16&#8243; text_font=&#8221;|300|||||||&#8221; global_colors_info=&#8221;{}&#8221;]<\/p>\n<p>SCC<br \/>Certificate &#8211; Safety, Health and Environmental Management System<\/p>\n<p>[\/et_pb_text][\/et_pb_column][et_pb_column type=&#8221;1_4&#8243; _builder_version=&#8221;4.16&#8243; custom_padding=&#8221;|||&#8221; global_colors_info=&#8221;{}&#8221; custom_padding__hover=&#8221;|||&#8221;][\/et_pb_column][\/et_pb_row][et_pb_row column_structure=&#8221;1_4,1_4,1_4,1_4&#8243; _builder_version=&#8221;4.16&#8243; background_size=&#8221;initial&#8221; background_position=&#8221;top_left&#8221; background_repeat=&#8221;repeat&#8221; global_colors_info=&#8221;{}&#8221;][et_pb_column type=&#8221;1_4&#8243; _builder_version=&#8221;4.16&#8243; custom_padding=&#8221;|||&#8221; global_colors_info=&#8221;{}&#8221; custom_padding__hover=&#8221;|||&#8221;][et_pb_text _builder_version=&#8221;4.16&#8243; text_font=&#8221;|300|||||||&#8221; global_colors_info=&#8221;{}&#8221;]<a href=\"https:\/\/www.hosch-international.com\/wp\/wp-content\/uploads\/pdf\/SCC_german.pdf\" target=\"_blank\" rel=\"noopener noreferrer\">PDF Download<\/a>[\/et_pb_text][\/et_pb_column][et_pb_column type=&#8221;1_4&#8243; _builder_version=&#8221;4.16&#8243; custom_padding=&#8221;|||&#8221; global_colors_info=&#8221;{}&#8221; custom_padding__hover=&#8221;|||&#8221;][\/et_pb_column][et_pb_column type=&#8221;1_4&#8243; _builder_version=&#8221;4.16&#8243; custom_padding=&#8221;|||&#8221; global_colors_info=&#8221;{}&#8221; custom_padding__hover=&#8221;|||&#8221;][et_pb_text _builder_version=&#8221;4.16&#8243; text_font=&#8221;|300|||||||&#8221; global_colors_info=&#8221;{}&#8221;]<a href=\"https:\/\/www.hosch-international.com\/wp\/wp-content\/uploads\/pdf\/SCC_english.pdf\" target=\"_blank\" rel=\"noopener noreferrer\">PDF Download<\/a>[\/et_pb_text][\/et_pb_column][et_pb_column type=&#8221;1_4&#8243; _builder_version=&#8221;4.16&#8243; custom_padding=&#8221;|||&#8221; global_colors_info=&#8221;{}&#8221; custom_padding__hover=&#8221;|||&#8221;][\/et_pb_column][\/et_pb_row][\/et_pb_section]<\/p>\n","protected":false},"excerpt":{"rendered":"<p>Legal notice Informatie volgens \u00a7 5 TMG (Duitse telecommunicatiewet)HOSCH F\u00f6rdertechnik Recklinghausen GmbHAm Stadion 3645659 RecklinghausenDuitsland Vertegenwoordigd doorDirecteurs:Cornelia Kill-FrechDirk HeidhuesAnsgar Frieling ContactTel.: +49 2361 5898 0Fax.: +49 2361 5898 40mail@hosch.dewww.hosch-international.com Verantwoordelijk voor de inhoudHOSCH F\u00f6rdertechnik Recklinghausen GmbHRegisterinschrijving Inschrijving in het handelsregister. Rechtbank van inschrijving: Amtsgericht Recklinghausen Registernummer: HRB 4094 Btw Btw-nummer volgens \u00a727 a van de [&hellip;]<\/p>\n","protected":false},"author":12,"featured_media":0,"parent":0,"menu_order":0,"comment_status":"closed","ping_status":"closed","template":"","meta":{"_et_pb_use_builder":"on","_et_pb_old_content":"","_et_gb_content_width":"","footnotes":""},"class_list":["post-5258","page","type-page","status-publish","hentry"],"_links":{"self":[{"href":"https:\/\/www.hosch-international.com\/wp\/wp-json\/wp\/v2\/pages\/5258","targetHints":{"allow":["GET"]}}],"collection":[{"href":"https:\/\/www.hosch-international.com\/wp\/wp-json\/wp\/v2\/pages"}],"about":[{"href":"https:\/\/www.hosch-international.com\/wp\/wp-json\/wp\/v2\/types\/page"}],"author":[{"embeddable":true,"href":"https:\/\/www.hosch-international.com\/wp\/wp-json\/wp\/v2\/users\/12"}],"replies":[{"embeddable":true,"href":"https:\/\/www.hosch-international.com\/wp\/wp-json\/wp\/v2\/comments?post=5258"}],"version-history":[{"count":10,"href":"https:\/\/www.hosch-international.com\/wp\/wp-json\/wp\/v2\/pages\/5258\/revisions"}],"predecessor-version":[{"id":19416,"href":"https:\/\/www.hosch-international.com\/wp\/wp-json\/wp\/v2\/pages\/5258\/revisions\/19416"}],"wp:attachment":[{"href":"https:\/\/www.hosch-international.com\/wp\/wp-json\/wp\/v2\/media?parent=5258"}],"curies":[{"name":"wp","href":"https:\/\/api.w.org\/{rel}","templated":true}]}}