{"id":5517,"date":"2018-05-18T08:24:41","date_gmt":"2018-05-18T08:24:41","guid":{"rendered":"https:\/\/www.hosch-international.com\/wp\/?page_id=5517"},"modified":"2025-01-31T12:50:10","modified_gmt":"2025-01-31T11:50:10","slug":"inspekcja-panstwa-urzadzen","status":"publish","type":"page","link":"https:\/\/www.hosch-international.com\/wp\/pl\/inspekcja-panstwa-urzadzen","title":{"rendered":"Inspekcja Pa\u0144stwa urz\u0105dze\u0144"},"content":{"rendered":"<p>[et_pb_section fb_built=&#8221;1&#8243; fullwidth=&#8221;on&#8221; admin_label=&#8221;Page Header&#8221; _builder_version=&#8221;3.2.2&#8243; custom_padding=&#8221;0|0px|0|0px&#8221;][et_pb_fullwidth_header title=&#8221;Inspekcja Pa\u0144stwa urz\u0105dze\u0144&#8221; text_orientation=&#8221;center&#8221; content_max_width_last_edited=&#8221;on|tablet&#8221; _builder_version=&#8221;3.18.5&#8243; title_text_color=&#8221;#ffffff&#8221; title_font_size=&#8221;60px&#8221; title_font_size_tablet=&#8221;38px&#8221; title_font_size_phone=&#8221;22px&#8221; title_font_size_last_edited=&#8221;on|phone&#8221; background_color=&#8221;rgba(255,255,255,0)&#8221; use_background_color_gradient=&#8221;on&#8221; background_color_gradient_start=&#8221;rgba(255,255,255,0)&#8221; background_color_gradient_end=&#8221;rgba(58,58,58,0.5)&#8221; background_color_gradient_end_position=&#8221;70%&#8221; background_color_gradient_overlays_image=&#8221;on&#8221; background_image=&#8221;https:\/\/www.hosch-international.com\/wp\/wp-content\/uploads\/2018\/12\/HOSCH-plant-analysis.jpg&#8221; background_blend=&#8221;multiply&#8221; background_layout=&#8221;light&#8221; max_width_last_edited=&#8221;on|desktop&#8221; custom_margin=&#8221;|||0&#8243; custom_margin_tablet=&#8221;|||0px&#8221; custom_margin_last_edited=&#8221;on|desktop&#8221; custom_padding=&#8221;200px||200px|&#8221; custom_padding_tablet=&#8221;150px||200px|&#8221; custom_padding_phone=&#8221;80px||80px|&#8221; custom_padding_last_edited=&#8221;on|phone&#8221; button_one_text_size__hover_enabled=&#8221;off&#8221; button_one_text_size__hover=&#8221;null&#8221; button_two_text_size__hover_enabled=&#8221;off&#8221; button_two_text_size__hover=&#8221;null&#8221; button_one_text_color__hover_enabled=&#8221;off&#8221; button_one_text_color__hover=&#8221;null&#8221; button_two_text_color__hover_enabled=&#8221;off&#8221; button_two_text_color__hover=&#8221;null&#8221; button_one_border_width__hover_enabled=&#8221;off&#8221; button_one_border_width__hover=&#8221;null&#8221; button_two_border_width__hover_enabled=&#8221;off&#8221; button_two_border_width__hover=&#8221;null&#8221; button_one_border_color__hover_enabled=&#8221;off&#8221; button_one_border_color__hover=&#8221;null&#8221; button_two_border_color__hover_enabled=&#8221;off&#8221; button_two_border_color__hover=&#8221;null&#8221; button_one_border_radius__hover_enabled=&#8221;off&#8221; button_one_border_radius__hover=&#8221;null&#8221; button_two_border_radius__hover_enabled=&#8221;off&#8221; button_two_border_radius__hover=&#8221;null&#8221; button_one_letter_spacing__hover_enabled=&#8221;off&#8221; button_one_letter_spacing__hover=&#8221;null&#8221; button_two_letter_spacing__hover_enabled=&#8221;off&#8221; button_two_letter_spacing__hover=&#8221;null&#8221; button_one_bg_color__hover_enabled=&#8221;off&#8221; button_one_bg_color__hover=&#8221;null&#8221; button_two_bg_color__hover_enabled=&#8221;off&#8221; button_two_bg_color__hover=&#8221;null&#8221;][\/et_pb_fullwidth_header][\/et_pb_section][et_pb_section fb_built=&#8221;1&#8243; admin_label=&#8221;Pricing&#8221; _builder_version=&#8221;3.0.105&#8243; background_color=&#8221;rgba(255,255,255,0.24)&#8221; custom_padding=&#8221;36px|0px|71px|0px&#8221;][et_pb_row use_custom_width=&#8221;on&#8221; width_unit=&#8221;off&#8221; custom_width_percent=&#8221;75%&#8221; use_custom_gutter=&#8221;on&#8221; custom_padding=&#8221;1px|0px|6px|0px&#8221; _builder_version=&#8221;3.0.106&#8243;][et_pb_column type=&#8221;1_2&#8243; _builder_version=&#8221;3.0.47&#8243; parallax=&#8221;off&#8221; parallax_method=&#8221;on&#8221;][et_pb_image src=&#8221;https:\/\/www.hosch-international.com\/wp\/wp-content\/uploads\/2018\/12\/HOSCH-plant-inspection.jpg&#8221; _builder_version=&#8221;3.18.2&#8243;]<br \/>\n[\/et_pb_image][et_pb_text _builder_version=&#8221;3.18.5&#8243;]<\/p>\n<p>Eksploatacja naszych produkt\u00f3w na pustyni Atacama w Chile<\/p>\n<p>[\/et_pb_text][\/et_pb_column][et_pb_column type=&#8221;1_2&#8243; _builder_version=&#8221;3.0.47&#8243; parallax=&#8221;off&#8221; parallax_method=&#8221;on&#8221;][et_pb_blurb title=&#8221;Nie walczymy tylko z objawami\u2026&#8221; image_max_width=&#8221;75%&#8221; content_max_width=&#8221;1080px&#8221; image_max_width_last_edited=&#8221;off|desktop&#8221; _builder_version=&#8221;3.18.5&#8243; header_level=&#8221;h3&#8243; header_font=&#8221;||||||||&#8221; header_text_color=&#8221;#636363&#8243; header_font_size_last_edited=&#8221;off|desktop&#8221; header_letter_spacing_last_edited=&#8221;off|desktop&#8221; header_line_height=&#8221;1.3em&#8221; body_font=&#8221;|300|||||||&#8221; body_font_size=&#8221;22px&#8221; body_font_size_phone=&#8221;19px&#8221; body_font_size_last_edited=&#8221;on|desktop&#8221; body_letter_spacing_last_edited=&#8221;off|desktop&#8221; body_line_height=&#8221;1.3em&#8221;]\u2026 si\u0119gamy do korzeni problemu. Aby znale\u017a\u0107 perfekcyjne rozwi\u0105zanie dla Pa\u0144stwa konkretnych urz\u0105dze\u0144 nale\u017cy najpierw ca\u0142o\u015bciowo pozna\u0107 system. Tylko wtedy mo\u017cna zaoferowa\u0107 produkty, kt\u00f3re d\u0142ugoterminowo i niezawodnie  wype\u0142ni\u0105 Pa\u0144stwa oczekiwania. Dlatego w\u0142a\u015bnie konieczna jest ca\u0142o\u015bciowa inspekcja Pa\u0144stwa uk\u0142adu przeno\u015bnikowego ju\u017c na pocz\u0105tku naszej wsp\u00f3\u0142pracy.<\/p>\n<p>W nast\u0119pnym etapie otrzymacie Pa\u0144stwo od nas pisemne wskazania do optymalizacji Pa\u0144stwa urz\u0105dze\u0144 &#8211; tego nie uzyskacie  Pa\u0144stwo u konkurencji. Do naszego zakresu kompetencji nale\u017cy r\u00f3wnie\u017c zagadnienie zapobiegania zbieganiu ta\u015bmy z osi przeno\u015bnika.<\/p>\n<p>Nasi in\u017cynierowie s\u0105 ekspertami z dziedziny transportu materia\u0142\u00f3w sypkich i ch\u0119tnie podziel\u0105 si\u0119 z Pa\u0144stwem naszym 40-letnim do\u015bwiadczeniem. Prosz\u0119 nas sprawdzi\u0107![\/et_pb_blurb][\/et_pb_column][\/et_pb_row][\/et_pb_section]<\/p>\n","protected":false},"excerpt":{"rendered":"<p>Eksploatacja naszych produkt\u00f3w na pustyni Atacama w Chile \u2026 si\u0119gamy do korzeni problemu. Aby znale\u017a\u0107 perfekcyjne rozwi\u0105zanie dla Pa\u0144stwa konkretnych urz\u0105dze\u0144 nale\u017cy najpierw ca\u0142o\u015bciowo pozna\u0107 system. Tylko wtedy mo\u017cna zaoferowa\u0107 produkty, kt\u00f3re d\u0142ugoterminowo i niezawodnie wype\u0142ni\u0105 Pa\u0144stwa oczekiwania. Dlatego w\u0142a\u015bnie konieczna jest ca\u0142o\u015bciowa inspekcja Pa\u0144stwa uk\u0142adu przeno\u015bnikowego ju\u017c na pocz\u0105tku naszej wsp\u00f3\u0142pracy. W nast\u0119pnym etapie [&hellip;]<\/p>\n","protected":false},"author":12,"featured_media":0,"parent":0,"menu_order":0,"comment_status":"closed","ping_status":"closed","template":"","meta":{"_et_pb_use_builder":"on","_et_pb_old_content":"","_et_gb_content_width":"","footnotes":""},"class_list":["post-5517","page","type-page","status-publish","hentry"],"_links":{"self":[{"href":"https:\/\/www.hosch-international.com\/wp\/wp-json\/wp\/v2\/pages\/5517","targetHints":{"allow":["GET"]}}],"collection":[{"href":"https:\/\/www.hosch-international.com\/wp\/wp-json\/wp\/v2\/pages"}],"about":[{"href":"https:\/\/www.hosch-international.com\/wp\/wp-json\/wp\/v2\/types\/page"}],"author":[{"embeddable":true,"href":"https:\/\/www.hosch-international.com\/wp\/wp-json\/wp\/v2\/users\/12"}],"replies":[{"embeddable":true,"href":"https:\/\/www.hosch-international.com\/wp\/wp-json\/wp\/v2\/comments?post=5517"}],"version-history":[{"count":8,"href":"https:\/\/www.hosch-international.com\/wp\/wp-json\/wp\/v2\/pages\/5517\/revisions"}],"predecessor-version":[{"id":9674,"href":"https:\/\/www.hosch-international.com\/wp\/wp-json\/wp\/v2\/pages\/5517\/revisions\/9674"}],"wp:attachment":[{"href":"https:\/\/www.hosch-international.com\/wp\/wp-json\/wp\/v2\/media?parent=5517"}],"curies":[{"name":"wp","href":"https:\/\/api.w.org\/{rel}","templated":true}]}}